{"id":81,"date":"2024-05-28T21:52:35","date_gmt":"2024-05-28T21:52:35","guid":{"rendered":"https:\/\/www.quintadaspalmeiras.pt\/portal1\/?page_id=81"},"modified":"2026-04-15T11:37:15","modified_gmt":"2026-04-15T11:37:15","slug":"iave9","status":"publish","type":"page","link":"https:\/\/www.quintadaspalmeiras.pt\/portal1\/iave9\/","title":{"rendered":"IAVE-9"},"content":{"rendered":"\n  \n    \n    <section class=\"u-clearfix u-section-2\" id=\"block-2\">\n      <div class=\"u-clearfix u-sheet u-valign-middle-lg u-sheet-1\">\n        <img decoding=\"async\" class=\"u-image u-image-contain u-image-default u-preserve-proportions u-image-1 lazyload\" data-src=\"https:\/\/www.quintadaspalmeiras.pt\/portal1\/wp-content\/uploads\/2026\/04\/iave.webp\" alt=\"\" data-image-width=\"400\" data-image-height=\"400\" src=\"data:image\/svg+xml;base64,PHN2ZyB3aWR0aD0iMSIgaGVpZ2h0PSIxIiB4bWxucz0iaHR0cDovL3d3dy53My5vcmcvMjAwMC9zdmciPjwvc3ZnPg==\" style=\"--smush-placeholder-width: 400px; --smush-placeholder-aspect-ratio: 400\/400;\">\n        <p class=\"u-align-left u-text u-text-1\"><b>Windows<\/b>:<br>\n          <a href=\"https:\/\/assets.iave.pt\/production\/apps\/intuitivo-app\/v0.0.12\/Provas+IAVE-0.0.12.exe\" target=\"_blank\" class=\"u-active-none u-border-none u-btn u-button-style u-hover-none u-none u-text-palette-1-base u-btn-1\">https:\/\/assets.iave.pt\/production\/apps\/intuitivo-app\/v0.0.12\/Provas+IAVE-0.0.12.exe<\/a>\n        <\/p>\n        <h2 class=\"u-align-left u-text u-text-default-lg u-text-default-xl u-text-default-xxl u-text-2\"><b>Software para as provas do 9\u00ba ano<\/b>\n        <\/h2>\n        <p class=\"u-align-left u-text u-text-3\"><b>Linux<\/b>:<br>\n          <a href=\"https:\/\/assets.iave.pt\/production\/apps\/intuitivo-app\/v0.0.12\/Provas+IAVE-0.0.12.exe\" target=\"_blank\" class=\"u-active-none u-border-none u-btn u-button-style u-hover-none u-none u-text-palette-1-base u-btn-2\">https:\/\/assets.iave.pt\/production\/apps\/intuitivo-app\/v0.0.12\/Provas+IAVE-0.0.12AppImage&nbsp;<\/a>\n        <\/p>\n        <p class=\"u-align-left u-text u-text-4\">(Tamanho: 185 MB)<\/p>\n        <p class=\"u-align-left u-text u-text-5\"><b> macOS<\/b>:<br>\n          <a href=\"https:\/\/assets.iave.pt\/production\/apps\/intuitivo-app\/v0.0.12\/Provas+IAVE-0.0.12.exe\" target=\"_blank\" class=\"u-active-none u-border-none u-btn u-button-style u-hover-none u-none u-text-palette-1-base u-btn-3\"> https:\/\/assets.iave.pt\/production\/apps\/intuitivo-app\/v0.0.12\/Provas+IAVE-0.0.12.dmg<\/a>\n        <\/p>\n        <p class=\"u-align-left u-text u-text-6\">(Tamanho: 192 MB)<\/p>\n        <p class=\"u-align-left u-text u-text-7\"><b> iOS <\/b>:<br>\n          <a href=\"https:\/\/assets.iave.pt\/production\/apps\/intuitivo-app\/v0.0.12\/Provas+IAVE-0.0.12.exe\" target=\"_blank\" class=\"u-active-none u-border-none u-btn u-button-style u-hover-none u-none u-text-palette-1-base u-btn-4\"> https:\/\/apps.apple.com\/pt\/app\/intuitivo\/id6449191657 <\/a>\n        <\/p>\n        <p class=\"u-align-left u-text u-text-8\"><b> Android<\/b>:<br>\n          <a href=\"https:\/\/assets.iave.pt\/production\/apps\/intuitivo-app\/v0.0.12\/Provas+IAVE-0.0.12.exe\" target=\"_blank\" class=\"u-active-none u-border-none u-btn u-button-style u-hover-none u-none u-text-palette-1-base u-btn-5\"> https:\/\/play.google.com\/store\/apps\/details?id=pt.intuititvo.mobileApp&amp;hl=pt_PT&amp;gl=US<\/a>\n        <\/p>\n        <ul class=\"u-align-left u-custom-list u-file-icon u-text u-text-9\">\n          <li style=\"padding-left: 9px;\">\n            <div class=\"u-list-icon u-text-palette-1-base\">\n              <svg class=\"u-svg-content\" viewBox=\"0 0 512 512\" id=\"svg-c3db\" style=\"\"><path d=\"m433.1 67.1-231.8 231.9c-6.2 6.2-16.4 6.2-22.6 0l-99.8-99.8-78.9 78.8 150.5 150.5c10.5 10.5 24.6 16.3 39.4 16.3 14.8 0 29-5.9 39.4-16.3l282.7-282.5z\" fill=\"currentColor\" class=\"\" style=\"\"><\/path><\/svg>\n            <\/div> Limpeza consistente e de alta qualidade com aten\u00e7\u00e3o aos detalhes \n          <\/li>\n          <li style=\"padding-left: 9px;\">\n            <div class=\"u-list-icon u-text-palette-1-base\">\n              <svg class=\"u-svg-content\" viewBox=\"0 0 512 512\" id=\"svg-c3db\" style=\"\"><path d=\"m433.1 67.1-231.8 231.9c-6.2 6.2-16.4 6.2-22.6 0l-99.8-99.8-78.9 78.8 150.5 150.5c10.5 10.5 24.6 16.3 39.4 16.3 14.8 0 29-5.9 39.4-16.3l282.7-282.5z\" fill=\"currentColor\" class=\"\" style=\"\"><\/path><\/svg>\n            <\/div>Agendamento flex\u00edvel para minimizar a interfer\u00eancia no seu hor\u00e1rio comercial \n          <\/li>\n          <li style=\"padding-left: 9px;\">\n            <div class=\"u-list-icon u-text-palette-1-base\">\n              <svg class=\"u-svg-content\" viewBox=\"0 0 512 512\" id=\"svg-c3db\" style=\"\"><path d=\"m433.1 67.1-231.8 231.9c-6.2 6.2-16.4 6.2-22.6 0l-99.8-99.8-78.9 78.8 150.5 150.5c10.5 10.5 24.6 16.3 39.4 16.3 14.8 0 29-5.9 39.4-16.3l282.7-282.5z\" fill=\"currentColor\" class=\"\" style=\"\"><\/path><\/svg>\n            <\/div>Equipe confi\u00e1vel, com verifica\u00e7\u00e3o de antecedentes e totalmente treinada \n          <\/li>\n          <li style=\"padding-left: 9px;\">\n            <div class=\"u-list-icon u-text-palette-1-base\">\n              <svg class=\"u-svg-content\" viewBox=\"0 0 512 512\" id=\"svg-c3db\" style=\"\"><path d=\"m433.1 67.1-231.8 231.9c-6.2 6.2-16.4 6.2-22.6 0l-99.8-99.8-78.9 78.8 150.5 150.5c10.5 10.5 24.6 16.3 39.4 16.3 14.8 0 29-5.9 39.4-16.3l282.7-282.5z\" fill=\"currentColor\" class=\"\" style=\"\"><\/path><\/svg>\n            <\/div>Uso de produtos de limpeza seguros e ecol\u00f3gicos \n          <\/li>\n          <li style=\"padding-left: 9px;\">\n            <div class=\"u-list-icon u-text-palette-1-base\">\n              <svg class=\"u-svg-content\" viewBox=\"0 0 512 512\" id=\"svg-c3db\" style=\"\"><path d=\"m433.1 67.1-231.8 231.9c-6.2 6.2-16.4 6.2-22.6 0l-99.8-99.8-78.9 78.8 150.5 150.5c10.5 10.5 24.6 16.3 39.4 16.3 14.8 0 29-5.9 39.4-16.3l282.7-282.5z\" fill=\"currentColor\" class=\"\" style=\"\"><\/path><\/svg>\n            <\/div>Comunica\u00e7\u00e3o clara e resolu\u00e7\u00e3o r\u00e1pida de quaisquer preocupa\u00e7\u00f5es \n          <\/li>\n        <\/ul>\n      <\/div>\n    <\/section>\n    \n    \n    \n  \n","protected":false},"excerpt":{"rendered":"<p>Windows: https:\/\/assets.iave.pt\/production\/apps\/intuitivo-app\/v0.0.12\/Provas+IAVE-0.0.12.exe Software para as provas do 9\u00ba ano Linux: https:\/\/assets.iave.pt\/production\/apps\/intuitivo-app\/v0.0.12\/Provas+IAVE-0.0.12AppImage&nbsp; (Tamanho: 185 MB) macOS: https:\/\/assets.iave.pt\/production\/apps\/intuitivo-app\/v0.0.12\/Provas+IAVE-0.0.12.dmg (Tamanho: 192 MB) iOS : https:\/\/apps.apple.com\/pt\/app\/intuitivo\/id6449191657 Android: https:\/\/play.google.com\/store\/apps\/details?id=pt.intuititvo.mobileApp&amp;hl=pt_PT&amp;gl=US Limpeza consistente e de alta qualidade com aten\u00e7\u00e3o aos detalhes Agendamento flex\u00edvel para minimizar a interfer\u00eancia no seu hor\u00e1rio comercial Equipe confi\u00e1vel, com verifica\u00e7\u00e3o de antecedentes e totalmente treinada Uso de &hellip; <a href=\"https:\/\/www.quintadaspalmeiras.pt\/portal1\/iave9\/\" class=\"more-link\">Continue reading<span class=\"screen-reader-text\"> &#8220;IAVE-9&#8221;<\/span><\/a><\/p>\n","protected":false},"author":1,"featured_media":0,"parent":0,"menu_order":0,"comment_status":"closed","ping_status":"closed","template":"","meta":{"_angie_page":false,"_crdt_document":"","footnotes":""},"class_list":["post-81","page","type-page","status-publish","hentry"],"_links":{"self":[{"href":"https:\/\/www.quintadaspalmeiras.pt\/portal1\/wp-json\/wp\/v2\/pages\/81","targetHints":{"allow":["GET"]}}],"collection":[{"href":"https:\/\/www.quintadaspalmeiras.pt\/portal1\/wp-json\/wp\/v2\/pages"}],"about":[{"href":"https:\/\/www.quintadaspalmeiras.pt\/portal1\/wp-json\/wp\/v2\/types\/page"}],"author":[{"embeddable":true,"href":"https:\/\/www.quintadaspalmeiras.pt\/portal1\/wp-json\/wp\/v2\/users\/1"}],"replies":[{"embeddable":true,"href":"https:\/\/www.quintadaspalmeiras.pt\/portal1\/wp-json\/wp\/v2\/comments?post=81"}],"version-history":[{"count":9,"href":"https:\/\/www.quintadaspalmeiras.pt\/portal1\/wp-json\/wp\/v2\/pages\/81\/revisions"}],"predecessor-version":[{"id":4080,"href":"https:\/\/www.quintadaspalmeiras.pt\/portal1\/wp-json\/wp\/v2\/pages\/81\/revisions\/4080"}],"wp:attachment":[{"href":"https:\/\/www.quintadaspalmeiras.pt\/portal1\/wp-json\/wp\/v2\/media?parent=81"}],"curies":[{"name":"wp","href":"https:\/\/api.w.org\/{rel}","templated":true}]}}