{"id":705,"date":"2024-10-07T10:29:37","date_gmt":"2024-10-07T10:29:37","guid":{"rendered":"https:\/\/www.quintadaspalmeiras.pt\/portal1\/?page_id=705"},"modified":"2025-11-20T16:35:49","modified_gmt":"2025-11-20T16:35:49","slug":"projetos-pedagogicos","status":"publish","type":"page","link":"https:\/\/www.quintadaspalmeiras.pt\/portal1\/projetos-pedagogicos\/","title":{"rendered":"Projetos Pedag\u00f3gicos"},"content":{"rendered":"\n  \n    \n    <section class=\"u-clearfix u-section-2\" id=\"sec-336f\">\n      <div class=\"u-clearfix u-sheet u-valign-middle u-sheet-1\">\n        <div class=\"u-align-left u-shape u-shape-svg u-text-palette-1-base u-shape-1\">\n          <svg class=\"u-svg-link\" preserveAspectRatio=\"none\" viewBox=\"0 0 160 160\" style=\"\"><use xmlns:xlink=\"http:\/\/www.w3.org\/1999\/xlink\" xlink:href=\"#svg-adb9\"><\/use><\/svg>\n          <svg class=\"u-svg-content\" viewBox=\"0 0 160 160\" x=\"0px\" y=\"0px\" id=\"svg-adb9\"><path d=\"M14.5,7.3c0,4-3.3,7.3-7.3,7.3S0,11.2,0,7.3S3.3,0,7.3,0S14.5,3.3,14.5,7.3z M7.3,24.2c-4,0-7.3,3.3-7.3,7.3\n\ts3.3,7.3,7.3,7.3s7.3-3.3,7.3-7.3S11.2,24.2,7.3,24.2z M31.5,0c-4,0-7.3,3.3-7.3,7.3s3.3,7.3,7.3,7.3s7.3-3.3,7.3-7.3S35.5,0,31.5,0\n\tz M55.8,0c-4,0-7.3,3.3-7.3,7.3s3.3,7.3,7.3,7.3S63,11.2,63,7.3S59.7,0,55.8,0z M80,0c-4,0-7.3,3.3-7.3,7.3s3.3,7.3,7.3,7.3\n\ts7.3-3.3,7.3-7.3S84,0,80,0z M104.2,0c-4,0-7.3,3.3-7.3,7.3s3.3,7.3,7.3,7.3c4,0,7.3-3.3,7.3-7.3S108.2,0,104.2,0z M128.5,0\n\tc-4,0-7.3,3.3-7.3,7.3s3.3,7.3,7.3,7.3c4,0,7.3-3.3,7.3-7.3S132.5,0,128.5,0z M152.7,0c-4,0-7.3,3.3-7.3,7.3s3.3,7.3,7.3,7.3\n\tc4,0,7.3-3.3,7.3-7.3S156.7,0,152.7,0z M31.5,24.2c-4,0-7.3,3.3-7.3,7.3s3.3,7.3,7.3,7.3s7.3-3.3,7.3-7.3S35.5,24.2,31.5,24.2z\n\t M55.8,24.2c-4,0-7.3,3.3-7.3,7.3s3.3,7.3,7.3,7.3s7.3-3.3,7.3-7.3S59.7,24.2,55.8,24.2z M80,24.2c-4,0-7.3,3.3-7.3,7.3\n\ts3.3,7.3,7.3,7.3s7.3-3.3,7.3-7.3S84,24.2,80,24.2z M104.2,24.2c-4,0-7.3,3.3-7.3,7.3s3.3,7.3,7.3,7.3c4,0,7.3-3.3,7.3-7.3\n\tS108.2,24.2,104.2,24.2z M128.5,24.2c-4,0-7.3,3.3-7.3,7.3s3.3,7.3,7.3,7.3c4,0,7.3-3.3,7.3-7.3S132.5,24.2,128.5,24.2z M7.3,48.5\n\tc-4,0-7.3,3.3-7.3,7.3S3.3,63,7.3,63s7.3-3.3,7.3-7.3S11.2,48.5,7.3,48.5z M31.5,48.5c-4,0-7.3,3.3-7.3,7.3s3.3,7.3,7.3,7.3\n\ts7.3-3.3,7.3-7.3S35.5,48.5,31.5,48.5z M55.8,48.5c-4,0-7.3,3.3-7.3,7.3s3.3,7.3,7.3,7.3s7.3-3.3,7.3-7.3S59.7,48.5,55.8,48.5z\n\t M80,48.5c-4,0-7.3,3.3-7.3,7.3S76,63,80,63s7.3-3.3,7.3-7.3S84,48.5,80,48.5z M104.2,48.5c-4,0-7.3,3.3-7.3,7.3s3.3,7.3,7.3,7.3\n\tc4,0,7.3-3.3,7.3-7.3S108.2,48.5,104.2,48.5z M7.3,72.7C3.3,72.7,0,76,0,80s3.3,7.3,7.3,7.3s7.3-3.3,7.3-7.3S11.2,72.7,7.3,72.7z\n\t M31.5,72.7c-4,0-7.3,3.3-7.3,7.3s3.3,7.3,7.3,7.3s7.3-3.3,7.3-7.3S35.5,72.7,31.5,72.7z M55.8,72.7c-4,0-7.3,3.3-7.3,7.3\n\ts3.3,7.3,7.3,7.3S63,84,63,80S59.7,72.7,55.8,72.7z M80,72.7c-4,0-7.3,3.3-7.3,7.3s3.3,7.3,7.3,7.3s7.3-3.3,7.3-7.3S84,72.7,80,72.7\n\tz M7.3,97c-4,0-7.3,3.3-7.3,7.3c0,4,3.3,7.3,7.3,7.3s7.3-3.3,7.3-7.3C14.5,100.3,11.2,97,7.3,97z M31.5,97c-4,0-7.3,3.3-7.3,7.3\n\tc0,4,3.3,7.3,7.3,7.3s7.3-3.3,7.3-7.3C38.8,100.3,35.5,97,31.5,97z M55.8,97c-4,0-7.3,3.3-7.3,7.3c0,4,3.3,7.3,7.3,7.3\n\ts7.3-3.3,7.3-7.3C63,100.3,59.7,97,55.8,97z M7.3,121.2c-4,0-7.3,3.3-7.3,7.3c0,4,3.3,7.3,7.3,7.3s7.3-3.3,7.3-7.3\n\tC14.5,124.5,11.2,121.2,7.3,121.2z M31.5,121.2c-4,0-7.3,3.3-7.3,7.3c0,4,3.3,7.3,7.3,7.3s7.3-3.3,7.3-7.3\n\tC38.8,124.5,35.5,121.2,31.5,121.2z M7.3,145.5c-4,0-7.3,3.3-7.3,7.3c0,4,3.3,7.3,7.3,7.3s7.3-3.3,7.3-7.3\n\tC14.5,148.8,11.2,145.5,7.3,145.5z\"><\/path><\/svg>\n        <\/div>\n        <div class=\"u-rotation-parent u-rotation-parent-1\">\n          <div class=\"u-shape u-shape-svg u-text-palette-1-base u-shape-2\">\n            <svg class=\"u-svg-link\" preserveAspectRatio=\"none\" viewBox=\"0 0 160 160\" style=\"\"><use xmlns:xlink=\"http:\/\/www.w3.org\/1999\/xlink\" xlink:href=\"#svg-6615\"><\/use><\/svg>\n            <svg class=\"u-svg-content\" viewBox=\"0 0 160 160\" x=\"0px\" y=\"0px\" id=\"svg-6615\"><path d=\"M14.5,7.3c0,4-3.3,7.3-7.3,7.3S0,11.2,0,7.3S3.3,0,7.3,0S14.5,3.3,14.5,7.3z M7.3,24.2c-4,0-7.3,3.3-7.3,7.3\n\ts3.3,7.3,7.3,7.3s7.3-3.3,7.3-7.3S11.2,24.2,7.3,24.2z M31.5,0c-4,0-7.3,3.3-7.3,7.3s3.3,7.3,7.3,7.3s7.3-3.3,7.3-7.3S35.5,0,31.5,0\n\tz M55.8,0c-4,0-7.3,3.3-7.3,7.3s3.3,7.3,7.3,7.3S63,11.2,63,7.3S59.7,0,55.8,0z M80,0c-4,0-7.3,3.3-7.3,7.3s3.3,7.3,7.3,7.3\n\ts7.3-3.3,7.3-7.3S84,0,80,0z M104.2,0c-4,0-7.3,3.3-7.3,7.3s3.3,7.3,7.3,7.3c4,0,7.3-3.3,7.3-7.3S108.2,0,104.2,0z M128.5,0\n\tc-4,0-7.3,3.3-7.3,7.3s3.3,7.3,7.3,7.3c4,0,7.3-3.3,7.3-7.3S132.5,0,128.5,0z M152.7,0c-4,0-7.3,3.3-7.3,7.3s3.3,7.3,7.3,7.3\n\tc4,0,7.3-3.3,7.3-7.3S156.7,0,152.7,0z M31.5,24.2c-4,0-7.3,3.3-7.3,7.3s3.3,7.3,7.3,7.3s7.3-3.3,7.3-7.3S35.5,24.2,31.5,24.2z\n\t M55.8,24.2c-4,0-7.3,3.3-7.3,7.3s3.3,7.3,7.3,7.3s7.3-3.3,7.3-7.3S59.7,24.2,55.8,24.2z M80,24.2c-4,0-7.3,3.3-7.3,7.3\n\ts3.3,7.3,7.3,7.3s7.3-3.3,7.3-7.3S84,24.2,80,24.2z M104.2,24.2c-4,0-7.3,3.3-7.3,7.3s3.3,7.3,7.3,7.3c4,0,7.3-3.3,7.3-7.3\n\tS108.2,24.2,104.2,24.2z M128.5,24.2c-4,0-7.3,3.3-7.3,7.3s3.3,7.3,7.3,7.3c4,0,7.3-3.3,7.3-7.3S132.5,24.2,128.5,24.2z M7.3,48.5\n\tc-4,0-7.3,3.3-7.3,7.3S3.3,63,7.3,63s7.3-3.3,7.3-7.3S11.2,48.5,7.3,48.5z M31.5,48.5c-4,0-7.3,3.3-7.3,7.3s3.3,7.3,7.3,7.3\n\ts7.3-3.3,7.3-7.3S35.5,48.5,31.5,48.5z M55.8,48.5c-4,0-7.3,3.3-7.3,7.3s3.3,7.3,7.3,7.3s7.3-3.3,7.3-7.3S59.7,48.5,55.8,48.5z\n\t M80,48.5c-4,0-7.3,3.3-7.3,7.3S76,63,80,63s7.3-3.3,7.3-7.3S84,48.5,80,48.5z M104.2,48.5c-4,0-7.3,3.3-7.3,7.3s3.3,7.3,7.3,7.3\n\tc4,0,7.3-3.3,7.3-7.3S108.2,48.5,104.2,48.5z M7.3,72.7C3.3,72.7,0,76,0,80s3.3,7.3,7.3,7.3s7.3-3.3,7.3-7.3S11.2,72.7,7.3,72.7z\n\t M31.5,72.7c-4,0-7.3,3.3-7.3,7.3s3.3,7.3,7.3,7.3s7.3-3.3,7.3-7.3S35.5,72.7,31.5,72.7z M55.8,72.7c-4,0-7.3,3.3-7.3,7.3\n\ts3.3,7.3,7.3,7.3S63,84,63,80S59.7,72.7,55.8,72.7z M80,72.7c-4,0-7.3,3.3-7.3,7.3s3.3,7.3,7.3,7.3s7.3-3.3,7.3-7.3S84,72.7,80,72.7\n\tz M7.3,97c-4,0-7.3,3.3-7.3,7.3c0,4,3.3,7.3,7.3,7.3s7.3-3.3,7.3-7.3C14.5,100.3,11.2,97,7.3,97z M31.5,97c-4,0-7.3,3.3-7.3,7.3\n\tc0,4,3.3,7.3,7.3,7.3s7.3-3.3,7.3-7.3C38.8,100.3,35.5,97,31.5,97z M55.8,97c-4,0-7.3,3.3-7.3,7.3c0,4,3.3,7.3,7.3,7.3\n\ts7.3-3.3,7.3-7.3C63,100.3,59.7,97,55.8,97z M7.3,121.2c-4,0-7.3,3.3-7.3,7.3c0,4,3.3,7.3,7.3,7.3s7.3-3.3,7.3-7.3\n\tC14.5,124.5,11.2,121.2,7.3,121.2z M31.5,121.2c-4,0-7.3,3.3-7.3,7.3c0,4,3.3,7.3,7.3,7.3s7.3-3.3,7.3-7.3\n\tC38.8,124.5,35.5,121.2,31.5,121.2z M7.3,145.5c-4,0-7.3,3.3-7.3,7.3c0,4,3.3,7.3,7.3,7.3s7.3-3.3,7.3-7.3\n\tC14.5,148.8,11.2,145.5,7.3,145.5z\"><\/path><\/svg>\n          <\/div>\n        <\/div>\n        <h4 class=\"u-text u-text-default u-text-palette-5-dark-2 u-text-1\">PROJETOS PEDAG\u00d3GICOS<\/h4>\n      <\/div>\n    <\/section>\n    <section class=\"u-align-left u-clearfix u-container-align-left u-palette-5-light-2 u-section-3\" id=\"carousel_29ac\">\n      <img decoding=\"async\" class=\"u-expanded-width u-image u-image-default u-image-1 lazyload\" data-src=\"https:\/\/www.quintadaspalmeiras.pt\/portal1\/wp-content\/uploads\/2024\/10\/GcCIPRrdAJDoh9qxo5mFTzO5OKPLRsEEQ1ezXg.jpeg\" alt=\"\" data-image-width=\"5616\" data-image-height=\"3744\" src=\"data:image\/svg+xml;base64,PHN2ZyB3aWR0aD0iMSIgaGVpZ2h0PSIxIiB4bWxucz0iaHR0cDovL3d3dy53My5vcmcvMjAwMC9zdmciPjwvc3ZnPg==\" style=\"--smush-placeholder-width: 1500px; --smush-placeholder-aspect-ratio: 1500\/1000;\">\n      <p class=\"u-align-justify u-text u-text-1\"> A Escola Secund\u00e1ria Quinta das Palmeiras, destaca-se pela implementa\u00e7\u00e3o de projetos pedag\u00f3gicos inovadores que visam proporcionar aos alunos uma educa\u00e7\u00e3o de qualidade, focada no desenvolvimento de compet\u00eancias pessoais e acad\u00e9micas. A escola promove uma aprendizagem ativa e colaborativa, com projetos que integram diferentes \u00e1reas do saber, como ci\u00eancia, artes, desporto e tecnologia, sempre com uma forte liga\u00e7\u00e3o \u00e0 comunidade local.Entre os seus projetos, destacam-se iniciativas de educa\u00e7\u00e3o ambiental, cidadania ativa e empreendedorismo, que preparam os alunos para os desafios do futuro. A escola valoriza ainda a participa\u00e7\u00e3o em programas europeus, como o Erasmus+, permitindo aos alunos uma abertura a novas culturas e experi\u00eancias internacionais. Atrav\u00e9s destes projetos, a Escola Secund\u00e1ria Quinta das Palmeiras visa formar cidad\u00e3os conscientes, cr\u00edticos e preparados para a vida num mundo cada vez mais globalizado.<\/p>\n      <div class=\"u-shortcode u-shortcode-1\"><div class=\"_df_book df-lite\" id=\"df_3408\"  _slug=\"3408\" data-title=\"relacao-de-projetos\" wpoptions=\"true\" thumbtype=\"\" ><\/div><script class=\"df-shortcode-script\" nowprocket type=\"application\/javascript\">window.option_df_3408 = {\"outline\":[],\"autoEnableOutline\":\"false\",\"autoEnableThumbnail\":\"false\",\"overwritePDFOutline\":\"false\",\"direction\":\"1\",\"pageSize\":\"0\",\"source\":\"https:\\\/\\\/www.quintadaspalmeiras.pt\\\/portal1\\\/wp-content\\\/uploads\\\/2025\\\/11\\\/RelacaoProjeto-14-11-2025-2.pdf\",\"wpOptions\":\"true\"}; if(window.DFLIP && window.DFLIP.parseBooks){window.DFLIP.parseBooks();}<\/script><\/div>\n      <h5 class=\"u-align-justify u-text u-text-2\">Links<\/h5>\n      <p class=\"u-align-justify u-text u-text-3\">\n        <a class=\"u-btn u-button-link u-button-style u-none u-text-hover-palette-1-base u-btn-1\" data-href=\"https:\/\/www.facebook.com\/pensadiferenteviveodesporto\/?locale=pt_PT\" data-target=\"_blank\" href=\"https:\/\/www.facebook.com\/pensadiferenteviveodesporto\/?locale=pt_PThttps:\/\/www.facebook.com\/pensadiferenteviveodesporto\/?locale=pt_PT\"> Pensa Diferente, Vive o Desporto<\/a>\n      <\/p>\n      <a href=\"https:\/\/sites.google.com\/quintadaspalmeiras.pt\/esqpclubecienciaviva\/sobre-o-projeto\" class=\"u-border-active-palette-2-base u-border-hover-palette-1-base u-border-no-left u-border-no-right u-border-no-top u-btn u-button-style u-none u-btn-2\"><b>Clube Ci\u00eancia Viva: Palmeiras, Ci\u00eancia e Ambiente<\/b>\n      <\/a>\n      <a href=\"https:\/\/bologta.blogspot.com\/\" class=\"u-border-active-palette-2-base u-border-hover-palette-1-base u-border-no-left u-border-no-right u-border-no-top u-btn u-button-style u-none u-text-hover-palette-1-base u-btn-3\"><b>Bologta - A bolota que tem um blog<\/b>\n      <\/a>\n      <a href=\"https:\/\/cpivirtual.blogspot.com\/\" class=\"u-border-active-palette-2-base u-border-hover-palette-1-base u-border-no-left u-border-no-right u-border-no-top u-btn u-button-style u-none u-btn-4\"><b>Centro Pedag\u00f3gico e Interpretativo<\/b>\n      <\/a>\n      <a href=\"https:\/\/www.youtube.com\/@qtvpalmeiras-oficial9440\" class=\"u-border-active-palette-2-base u-border-hover-palette-1-base u-border-no-left u-border-no-right u-border-no-top u-btn u-button-style u-none u-btn-5\"><b>QTV Palmeiras<\/b>\n      <\/a>\n    <\/section>\n    \n    \n    \n  \n","protected":false},"excerpt":{"rendered":"<p>PROJETOS PEDAG\u00d3GICOS A Escola Secund\u00e1ria Quinta das Palmeiras, destaca-se pela implementa\u00e7\u00e3o de projetos pedag\u00f3gicos inovadores que visam proporcionar aos alunos uma educa\u00e7\u00e3o de qualidade, focada no desenvolvimento de compet\u00eancias pessoais e acad\u00e9micas. A escola promove uma aprendizagem ativa e colaborativa, com projetos que integram diferentes \u00e1reas do saber, como ci\u00eancia, artes, desporto e tecnologia, sempre &hellip; <a href=\"https:\/\/www.quintadaspalmeiras.pt\/portal1\/projetos-pedagogicos\/\" class=\"more-link\">Continue reading<span class=\"screen-reader-text\"> &#8220;Projetos Pedag\u00f3gicos&#8221;<\/span><\/a><\/p>\n","protected":false},"author":1,"featured_media":0,"parent":0,"menu_order":2,"comment_status":"closed","ping_status":"closed","template":"","meta":{"_angie_page":false,"_crdt_document":"","footnotes":""},"class_list":["post-705","page","type-page","status-publish","hentry"],"_links":{"self":[{"href":"https:\/\/www.quintadaspalmeiras.pt\/portal1\/wp-json\/wp\/v2\/pages\/705","targetHints":{"allow":["GET"]}}],"collection":[{"href":"https:\/\/www.quintadaspalmeiras.pt\/portal1\/wp-json\/wp\/v2\/pages"}],"about":[{"href":"https:\/\/www.quintadaspalmeiras.pt\/portal1\/wp-json\/wp\/v2\/types\/page"}],"author":[{"embeddable":true,"href":"https:\/\/www.quintadaspalmeiras.pt\/portal1\/wp-json\/wp\/v2\/users\/1"}],"replies":[{"embeddable":true,"href":"https:\/\/www.quintadaspalmeiras.pt\/portal1\/wp-json\/wp\/v2\/comments?post=705"}],"version-history":[{"count":12,"href":"https:\/\/www.quintadaspalmeiras.pt\/portal1\/wp-json\/wp\/v2\/pages\/705\/revisions"}],"predecessor-version":[{"id":3412,"href":"https:\/\/www.quintadaspalmeiras.pt\/portal1\/wp-json\/wp\/v2\/pages\/705\/revisions\/3412"}],"wp:attachment":[{"href":"https:\/\/www.quintadaspalmeiras.pt\/portal1\/wp-json\/wp\/v2\/media?parent=705"}],"curies":[{"name":"wp","href":"https:\/\/api.w.org\/{rel}","templated":true}]}}