{"id":460,"date":"2024-09-05T16:36:35","date_gmt":"2024-09-05T16:36:35","guid":{"rendered":"https:\/\/www.quintadaspalmeiras.pt\/portal1\/?page_id=460"},"modified":"2024-09-05T16:36:35","modified_gmt":"2024-09-05T16:36:35","slug":"spo","status":"publish","type":"page","link":"https:\/\/www.quintadaspalmeiras.pt\/portal1\/spo\/","title":{"rendered":"SPO"},"content":{"rendered":"\n  \n    \n    <section class=\"u-clearfix u-section-2\" id=\"sec-336f\">\n      <div class=\"u-clearfix u-sheet u-valign-middle u-sheet-1\">\n        <div class=\"u-align-left u-shape u-shape-svg u-text-palette-1-base u-shape-1\">\n          <svg class=\"u-svg-link\" preserveAspectRatio=\"none\" viewBox=\"0 0 160 160\" style=\"\"><use xmlns:xlink=\"http:\/\/www.w3.org\/1999\/xlink\" xlink:href=\"#svg-adb9\"><\/use><\/svg>\n          <svg class=\"u-svg-content\" viewBox=\"0 0 160 160\" x=\"0px\" y=\"0px\" id=\"svg-adb9\"><path d=\"M14.5,7.3c0,4-3.3,7.3-7.3,7.3S0,11.2,0,7.3S3.3,0,7.3,0S14.5,3.3,14.5,7.3z M7.3,24.2c-4,0-7.3,3.3-7.3,7.3\n\ts3.3,7.3,7.3,7.3s7.3-3.3,7.3-7.3S11.2,24.2,7.3,24.2z M31.5,0c-4,0-7.3,3.3-7.3,7.3s3.3,7.3,7.3,7.3s7.3-3.3,7.3-7.3S35.5,0,31.5,0\n\tz M55.8,0c-4,0-7.3,3.3-7.3,7.3s3.3,7.3,7.3,7.3S63,11.2,63,7.3S59.7,0,55.8,0z M80,0c-4,0-7.3,3.3-7.3,7.3s3.3,7.3,7.3,7.3\n\ts7.3-3.3,7.3-7.3S84,0,80,0z M104.2,0c-4,0-7.3,3.3-7.3,7.3s3.3,7.3,7.3,7.3c4,0,7.3-3.3,7.3-7.3S108.2,0,104.2,0z M128.5,0\n\tc-4,0-7.3,3.3-7.3,7.3s3.3,7.3,7.3,7.3c4,0,7.3-3.3,7.3-7.3S132.5,0,128.5,0z M152.7,0c-4,0-7.3,3.3-7.3,7.3s3.3,7.3,7.3,7.3\n\tc4,0,7.3-3.3,7.3-7.3S156.7,0,152.7,0z M31.5,24.2c-4,0-7.3,3.3-7.3,7.3s3.3,7.3,7.3,7.3s7.3-3.3,7.3-7.3S35.5,24.2,31.5,24.2z\n\t M55.8,24.2c-4,0-7.3,3.3-7.3,7.3s3.3,7.3,7.3,7.3s7.3-3.3,7.3-7.3S59.7,24.2,55.8,24.2z M80,24.2c-4,0-7.3,3.3-7.3,7.3\n\ts3.3,7.3,7.3,7.3s7.3-3.3,7.3-7.3S84,24.2,80,24.2z M104.2,24.2c-4,0-7.3,3.3-7.3,7.3s3.3,7.3,7.3,7.3c4,0,7.3-3.3,7.3-7.3\n\tS108.2,24.2,104.2,24.2z M128.5,24.2c-4,0-7.3,3.3-7.3,7.3s3.3,7.3,7.3,7.3c4,0,7.3-3.3,7.3-7.3S132.5,24.2,128.5,24.2z M7.3,48.5\n\tc-4,0-7.3,3.3-7.3,7.3S3.3,63,7.3,63s7.3-3.3,7.3-7.3S11.2,48.5,7.3,48.5z M31.5,48.5c-4,0-7.3,3.3-7.3,7.3s3.3,7.3,7.3,7.3\n\ts7.3-3.3,7.3-7.3S35.5,48.5,31.5,48.5z M55.8,48.5c-4,0-7.3,3.3-7.3,7.3s3.3,7.3,7.3,7.3s7.3-3.3,7.3-7.3S59.7,48.5,55.8,48.5z\n\t M80,48.5c-4,0-7.3,3.3-7.3,7.3S76,63,80,63s7.3-3.3,7.3-7.3S84,48.5,80,48.5z M104.2,48.5c-4,0-7.3,3.3-7.3,7.3s3.3,7.3,7.3,7.3\n\tc4,0,7.3-3.3,7.3-7.3S108.2,48.5,104.2,48.5z M7.3,72.7C3.3,72.7,0,76,0,80s3.3,7.3,7.3,7.3s7.3-3.3,7.3-7.3S11.2,72.7,7.3,72.7z\n\t M31.5,72.7c-4,0-7.3,3.3-7.3,7.3s3.3,7.3,7.3,7.3s7.3-3.3,7.3-7.3S35.5,72.7,31.5,72.7z M55.8,72.7c-4,0-7.3,3.3-7.3,7.3\n\ts3.3,7.3,7.3,7.3S63,84,63,80S59.7,72.7,55.8,72.7z M80,72.7c-4,0-7.3,3.3-7.3,7.3s3.3,7.3,7.3,7.3s7.3-3.3,7.3-7.3S84,72.7,80,72.7\n\tz M7.3,97c-4,0-7.3,3.3-7.3,7.3c0,4,3.3,7.3,7.3,7.3s7.3-3.3,7.3-7.3C14.5,100.3,11.2,97,7.3,97z M31.5,97c-4,0-7.3,3.3-7.3,7.3\n\tc0,4,3.3,7.3,7.3,7.3s7.3-3.3,7.3-7.3C38.8,100.3,35.5,97,31.5,97z M55.8,97c-4,0-7.3,3.3-7.3,7.3c0,4,3.3,7.3,7.3,7.3\n\ts7.3-3.3,7.3-7.3C63,100.3,59.7,97,55.8,97z M7.3,121.2c-4,0-7.3,3.3-7.3,7.3c0,4,3.3,7.3,7.3,7.3s7.3-3.3,7.3-7.3\n\tC14.5,124.5,11.2,121.2,7.3,121.2z M31.5,121.2c-4,0-7.3,3.3-7.3,7.3c0,4,3.3,7.3,7.3,7.3s7.3-3.3,7.3-7.3\n\tC38.8,124.5,35.5,121.2,31.5,121.2z M7.3,145.5c-4,0-7.3,3.3-7.3,7.3c0,4,3.3,7.3,7.3,7.3s7.3-3.3,7.3-7.3\n\tC14.5,148.8,11.2,145.5,7.3,145.5z\"><\/path><\/svg>\n        <\/div>\n        <div class=\"u-rotation-parent u-rotation-parent-1\">\n          <div class=\"u-shape u-shape-svg u-text-palette-1-base u-shape-2\">\n            <svg class=\"u-svg-link\" preserveAspectRatio=\"none\" viewBox=\"0 0 160 160\" style=\"\"><use xmlns:xlink=\"http:\/\/www.w3.org\/1999\/xlink\" xlink:href=\"#svg-6615\"><\/use><\/svg>\n            <svg class=\"u-svg-content\" viewBox=\"0 0 160 160\" x=\"0px\" y=\"0px\" id=\"svg-6615\"><path d=\"M14.5,7.3c0,4-3.3,7.3-7.3,7.3S0,11.2,0,7.3S3.3,0,7.3,0S14.5,3.3,14.5,7.3z M7.3,24.2c-4,0-7.3,3.3-7.3,7.3\n\ts3.3,7.3,7.3,7.3s7.3-3.3,7.3-7.3S11.2,24.2,7.3,24.2z M31.5,0c-4,0-7.3,3.3-7.3,7.3s3.3,7.3,7.3,7.3s7.3-3.3,7.3-7.3S35.5,0,31.5,0\n\tz M55.8,0c-4,0-7.3,3.3-7.3,7.3s3.3,7.3,7.3,7.3S63,11.2,63,7.3S59.7,0,55.8,0z M80,0c-4,0-7.3,3.3-7.3,7.3s3.3,7.3,7.3,7.3\n\ts7.3-3.3,7.3-7.3S84,0,80,0z M104.2,0c-4,0-7.3,3.3-7.3,7.3s3.3,7.3,7.3,7.3c4,0,7.3-3.3,7.3-7.3S108.2,0,104.2,0z M128.5,0\n\tc-4,0-7.3,3.3-7.3,7.3s3.3,7.3,7.3,7.3c4,0,7.3-3.3,7.3-7.3S132.5,0,128.5,0z M152.7,0c-4,0-7.3,3.3-7.3,7.3s3.3,7.3,7.3,7.3\n\tc4,0,7.3-3.3,7.3-7.3S156.7,0,152.7,0z M31.5,24.2c-4,0-7.3,3.3-7.3,7.3s3.3,7.3,7.3,7.3s7.3-3.3,7.3-7.3S35.5,24.2,31.5,24.2z\n\t M55.8,24.2c-4,0-7.3,3.3-7.3,7.3s3.3,7.3,7.3,7.3s7.3-3.3,7.3-7.3S59.7,24.2,55.8,24.2z M80,24.2c-4,0-7.3,3.3-7.3,7.3\n\ts3.3,7.3,7.3,7.3s7.3-3.3,7.3-7.3S84,24.2,80,24.2z M104.2,24.2c-4,0-7.3,3.3-7.3,7.3s3.3,7.3,7.3,7.3c4,0,7.3-3.3,7.3-7.3\n\tS108.2,24.2,104.2,24.2z M128.5,24.2c-4,0-7.3,3.3-7.3,7.3s3.3,7.3,7.3,7.3c4,0,7.3-3.3,7.3-7.3S132.5,24.2,128.5,24.2z M7.3,48.5\n\tc-4,0-7.3,3.3-7.3,7.3S3.3,63,7.3,63s7.3-3.3,7.3-7.3S11.2,48.5,7.3,48.5z M31.5,48.5c-4,0-7.3,3.3-7.3,7.3s3.3,7.3,7.3,7.3\n\ts7.3-3.3,7.3-7.3S35.5,48.5,31.5,48.5z M55.8,48.5c-4,0-7.3,3.3-7.3,7.3s3.3,7.3,7.3,7.3s7.3-3.3,7.3-7.3S59.7,48.5,55.8,48.5z\n\t M80,48.5c-4,0-7.3,3.3-7.3,7.3S76,63,80,63s7.3-3.3,7.3-7.3S84,48.5,80,48.5z M104.2,48.5c-4,0-7.3,3.3-7.3,7.3s3.3,7.3,7.3,7.3\n\tc4,0,7.3-3.3,7.3-7.3S108.2,48.5,104.2,48.5z M7.3,72.7C3.3,72.7,0,76,0,80s3.3,7.3,7.3,7.3s7.3-3.3,7.3-7.3S11.2,72.7,7.3,72.7z\n\t M31.5,72.7c-4,0-7.3,3.3-7.3,7.3s3.3,7.3,7.3,7.3s7.3-3.3,7.3-7.3S35.5,72.7,31.5,72.7z M55.8,72.7c-4,0-7.3,3.3-7.3,7.3\n\ts3.3,7.3,7.3,7.3S63,84,63,80S59.7,72.7,55.8,72.7z M80,72.7c-4,0-7.3,3.3-7.3,7.3s3.3,7.3,7.3,7.3s7.3-3.3,7.3-7.3S84,72.7,80,72.7\n\tz M7.3,97c-4,0-7.3,3.3-7.3,7.3c0,4,3.3,7.3,7.3,7.3s7.3-3.3,7.3-7.3C14.5,100.3,11.2,97,7.3,97z M31.5,97c-4,0-7.3,3.3-7.3,7.3\n\tc0,4,3.3,7.3,7.3,7.3s7.3-3.3,7.3-7.3C38.8,100.3,35.5,97,31.5,97z M55.8,97c-4,0-7.3,3.3-7.3,7.3c0,4,3.3,7.3,7.3,7.3\n\ts7.3-3.3,7.3-7.3C63,100.3,59.7,97,55.8,97z M7.3,121.2c-4,0-7.3,3.3-7.3,7.3c0,4,3.3,7.3,7.3,7.3s7.3-3.3,7.3-7.3\n\tC14.5,124.5,11.2,121.2,7.3,121.2z M31.5,121.2c-4,0-7.3,3.3-7.3,7.3c0,4,3.3,7.3,7.3,7.3s7.3-3.3,7.3-7.3\n\tC38.8,124.5,35.5,121.2,31.5,121.2z M7.3,145.5c-4,0-7.3,3.3-7.3,7.3c0,4,3.3,7.3,7.3,7.3s7.3-3.3,7.3-7.3\n\tC14.5,148.8,11.2,145.5,7.3,145.5z\"><\/path><\/svg>\n          <\/div>\n        <\/div>\n        <h4 class=\"u-text u-text-default u-text-palette-5-dark-2 u-text-1\"> SPO - Servi\u00e7os de Psicologia e orienta\u00e7\u00e3o<\/h4>\n      <\/div>\n    <\/section>\n    <section class=\"u-align-left u-clearfix u-container-align-left u-white u-section-3\" id=\"carousel_29ac\">\n      <div class=\"u-clearfix u-sheet u-sheet-1\">\n        <p class=\"u-align-justify u-text u-text-1\"> O que s\u00e3o os SPO ?O Dec. Lei n\u00ba 190\/91 de 17 de Maio cria, no \u00e2mbito do Minist\u00e9rio da Educa\u00e7\u00e3o, os Servi\u00e7os de Psicologia e Orienta\u00e7\u00e3o (SPO). S\u00e3o estruturas especializadas de apoio e de orienta\u00e7\u00e3o educativa, integradas na rede escolar, conforme previsto no artigo 26\u00ba da Lei de Bases do Sistema Educativo.Atribui\u00e7\u00f5es do SPOO SPO \u00e9 uma unidade especializada de apoio educativo que tem como principais atribui\u00e7\u00f5es:<br>- Contribuir para o desenvolvimento integral dos alunos e para a constru\u00e7\u00e3o da sua identidade pessoal;<br>- Apoiar os alunos no seu processo de aprendizagem e de integra\u00e7\u00e3o na comunidade;&nbsp;<br>- Prestar apoio de natureza psicol\u00f3gica e psicopedag\u00f3gica, no contexto das atividades educativas, tendo em vista o sucesso escolar, a efetiva igualdade de oportunidades e a adequa\u00e7\u00e3o das respostas educativas;<br>- Assegurar na colabora\u00e7\u00e3o com outros servi\u00e7os, a dete\u00e7\u00e3o de alunos com necessidades educativas especiais, a&nbsp;avalia\u00e7\u00e3o da situa\u00e7\u00e3o e o estudo das interven\u00e7\u00f5es adequadas;<br>- Promover atividades espec\u00edficas de informa\u00e7\u00e3o, aconselhamento e orienta\u00e7\u00e3o escolar e profissional;<br>- Desenvolver a\u00e7\u00f5es de aconselhamento psicossocial e vocacional dos alunos.Principais dom\u00ednios de interven\u00e7\u00e3o do SPO- Apoio psicopedag\u00f3gico;<br>- Apoio ao sistema de rela\u00e7\u00f5es da comunidade escolar;<br>- Orienta\u00e7\u00e3o e informa\u00e7\u00e3o escolar e profissional.<br>\n          <br>Quem pode recorrer ao SPO ?<br>- Alunos;&nbsp;<br>- Docentes (os pedidos de interven\u00e7\u00e3o dever\u00e3o ser apresentado atrav\u00e9s do preenchimento de formul\u00e1rio pr\u00f3prio);<br>- Pessoal n\u00e3o docente;<br>- Pais e Encarregados de Educa\u00e7\u00e3o;<br>- Comunidade Educativa em geral.<br>\n          <br>Como aceder ao SPO ?-&nbsp;Contato pessoal directo;<br>- Contato atrav\u00e9s do Diretor de Turma.<br>\n          <br>Onde fica o SPO ?<br>O gabinete do SPO est\u00e1 localizado no piso do r\u00e9s-do-ch\u00e3o do Bloco A.\n        <\/p>\n      <\/div>\n    <\/section>\n    \n    \n    \n    \n  \n","protected":false},"excerpt":{"rendered":"<p>SPO &#8211; Servi\u00e7os de Psicologia e orienta\u00e7\u00e3o O que s\u00e3o os SPO ?O Dec. Lei n\u00ba 190\/91 de 17 de Maio cria, no \u00e2mbito do Minist\u00e9rio da Educa\u00e7\u00e3o, os Servi\u00e7os de Psicologia e Orienta\u00e7\u00e3o (SPO). S\u00e3o estruturas especializadas de apoio e de orienta\u00e7\u00e3o educativa, integradas na rede escolar, conforme previsto no artigo 26\u00ba da Lei &hellip; <a href=\"https:\/\/www.quintadaspalmeiras.pt\/portal1\/spo\/\" class=\"more-link\">Continue reading<span class=\"screen-reader-text\"> &#8220;SPO&#8221;<\/span><\/a><\/p>\n","protected":false},"author":1,"featured_media":0,"parent":0,"menu_order":0,"comment_status":"closed","ping_status":"closed","template":"","meta":{"_angie_page":false,"_crdt_document":"","footnotes":""},"class_list":["post-460","page","type-page","status-publish","hentry"],"_links":{"self":[{"href":"https:\/\/www.quintadaspalmeiras.pt\/portal1\/wp-json\/wp\/v2\/pages\/460","targetHints":{"allow":["GET"]}}],"collection":[{"href":"https:\/\/www.quintadaspalmeiras.pt\/portal1\/wp-json\/wp\/v2\/pages"}],"about":[{"href":"https:\/\/www.quintadaspalmeiras.pt\/portal1\/wp-json\/wp\/v2\/types\/page"}],"author":[{"embeddable":true,"href":"https:\/\/www.quintadaspalmeiras.pt\/portal1\/wp-json\/wp\/v2\/users\/1"}],"replies":[{"embeddable":true,"href":"https:\/\/www.quintadaspalmeiras.pt\/portal1\/wp-json\/wp\/v2\/comments?post=460"}],"version-history":[{"count":3,"href":"https:\/\/www.quintadaspalmeiras.pt\/portal1\/wp-json\/wp\/v2\/pages\/460\/revisions"}],"predecessor-version":[{"id":463,"href":"https:\/\/www.quintadaspalmeiras.pt\/portal1\/wp-json\/wp\/v2\/pages\/460\/revisions\/463"}],"wp:attachment":[{"href":"https:\/\/www.quintadaspalmeiras.pt\/portal1\/wp-json\/wp\/v2\/media?parent=460"}],"curies":[{"name":"wp","href":"https:\/\/api.w.org\/{rel}","templated":true}]}}