{"id":149,"date":"2024-06-05T18:22:27","date_gmt":"2024-06-05T18:22:27","guid":{"rendered":"https:\/\/www.quintadaspalmeiras.pt\/portal1\/?page_id=149"},"modified":"2024-06-05T18:51:23","modified_gmt":"2024-06-05T18:51:23","slug":"avaliacao-interna","status":"publish","type":"page","link":"https:\/\/www.quintadaspalmeiras.pt\/portal1\/avaliacao-interna\/","title":{"rendered":"Avalia\u00e7\u00e3o Interna"},"content":{"rendered":"\n  \n    \n    <section class=\"u-align-center u-clearfix u-section-2\" id=\"sec-f487\">\n      <div class=\"u-clearfix u-sheet u-sheet-1\">\n        <h2 class=\"u-text u-text-default u-text-1\">Avalia\u00e7\u00e3o Interna <\/h2>\n        <h3 class=\"u-align-center u-text u-text-2\">INFOESCOLAS<\/h3>\n        <ul class=\"u-align-justify u-text u-text-palette-1-base u-text-3\">\n          <li>\n            <a href=\"http:\/\/infoescolas.medu.pt\/?code=503865&amp;nivel=3\" target=\"_blank\" rel=\"noopener noreferrer\" class=\"u-active-none u-border-none u-btn u-button-style u-hover-none u-none u-text-palette-1-base u-btn-1\">3.\u00ba Ciclo<\/a>\n          <\/li>\n          <li>\n            <a href=\"http:\/\/infoescolas.medu.pt\/?code=503865&amp;nivel=4\" target=\"_blank\" rel=\"noopener noreferrer\" class=\"u-active-none u-border-none u-btn u-button-style u-hover-none u-none u-text-palette-1-base u-btn-2\">Cursos Cient\u00edfico-Human\u00edsticos<\/a>\n          <\/li>\n          <li>\n            <a href=\"http:\/\/infoescolas.medu.pt\/?code=503865&amp;nivel=5\" target=\"_blank\" rel=\"noopener noreferrer\" class=\"u-active-none u-border-none u-btn u-button-style u-hover-none u-none u-text-palette-1-base u-btn-3\">Cursos Profissionais<\/a>\n          <\/li>\n        <\/ul>\n        <ul class=\"u-align-justify u-text u-text-palette-1-base u-text-4\">\n          <li>Monitoriza\u00e7\u00e3o e Avalia\u00e7\u00e3o - Relat\u00f3rio S\u00edntese 2022\/2023<\/li>\n          <li>Planos de Melhoria<\/li>\n        <\/ul>\n        <div class=\"u-border-2 u-border-grey-dark-1 u-line u-line-horizontal u-line-1\"><\/div>\n        <h3 class=\"u-align-center u-text u-text-5\">QUESTION\u00c1RIOS<\/h3>\n        <ul class=\"u-align-left u-text u-text-palette-1-base u-text-6\">\n          <li>\n            <a href=\"https:\/\/forms.gle\/vLifYpg573RCYXwS8\" target=\"_blank\" rel=\"noopener noreferrer\" class=\"u-active-none u-border-none u-btn u-button-style u-hover-none u-none u-text-palette-1-base u-btn-4\">Satisfa\u00e7\u00e3o - Alunos<\/a>\n          <\/li>\n          <li>\n            <a href=\"https:\/\/forms.gle\/pTRWcnrnGcHFgH727\" target=\"_blank\" rel=\"noopener noreferrer\" class=\"u-active-none u-border-none u-btn u-button-style u-hover-none u-none u-text-palette-1-base u-btn-5\">Satisfa\u00e7\u00e3o - Pais e Encarregados de Educa\u00e7\u00e3o<\/a>\n          <\/li>\n          <li>\n            <a href=\"https:\/\/forms.gle\/kBLcGVwEoYnbUbEE9\" target=\"_blank\" rel=\"noopener noreferrer\" class=\"u-active-none u-border-none u-btn u-button-style u-hover-none u-none u-text-palette-1-base u-btn-6\">Satisfa\u00e7\u00e3o - Pessoal Docente<\/a>\n          <\/li>\n          <li>\n            <a href=\"https:\/\/forms.gle\/u3jqQeHFFKBUSQ8N8\" target=\"_blank\" rel=\"noopener noreferrer\" class=\"u-active-none u-border-none u-btn u-button-style u-hover-none u-none u-text-palette-1-base u-btn-7\">Satisfa\u00e7\u00e3o - Pessoal N\u00e3o Docente<\/a>\n          <\/li>\n          <li>\n            <a href=\"https:\/\/forms.gle\/JDo3vbDjKMb1j7Fa8\" target=\"_blank\" rel=\"noopener noreferrer\" class=\"u-active-none u-border-none u-btn u-button-style u-hover-none u-none u-text-palette-1-base u-btn-8\">Avalia\u00e7\u00e3o pedag\u00f3gica - Referencial de autoavalia\u00e7\u00e3o<\/a>\n          <\/li>\n          <li>\n            <a href=\"https:\/\/forms.gle\/f8ufe33v7jcAoYJw9\" target=\"_blank\" rel=\"noopener noreferrer\" class=\"u-active-none u-border-none u-btn u-button-style u-hover-none u-none u-text-palette-1-base u-btn-9\">Avalia\u00e7\u00e3o de atividades<\/a>\n          <\/li>\n          <li>\n            <a href=\"https:\/\/forms.gle\/W9JgARA3srKvsmhd6\" target=\"_blank\" rel=\"noopener noreferrer\" class=\"u-active-none u-border-none u-btn u-button-style u-hover-none u-none u-text-palette-1-base u-btn-10\">Avalia\u00e7\u00e3o do Projeto Integrador - 7\u00ba ano<\/a>\n          <\/li>\n          <li>\n            <a href=\"https:\/\/forms.gle\/xdjfYrk3gvi9KKG18\" target=\"_blank\" rel=\"noopener noreferrer\" class=\"u-active-none u-border-none u-btn u-button-style u-hover-none u-none u-text-palette-1-base u-btn-11\">Avalia\u00e7\u00e3o do Projeto Integrador - 8\u00ba ano<\/a>\n          <\/li>\n          <li>\n            <a href=\"https:\/\/forms.gle\/pV993NjGQi67cYNaA\" target=\"_blank\" rel=\"noopener noreferrer\" class=\"u-active-none u-border-none u-btn u-button-style u-hover-none u-none u-text-palette-1-base u-btn-12\">Avalia\u00e7\u00e3o do Projeto Integrador - 9\u00ba ano<\/a>\n          <\/li>\n          <li>\n            <a href=\"https:\/\/forms.gle\/f96qRq5qrNLgTQhM7\" target=\"_blank\" rel=\"noopener noreferrer\" class=\"u-active-none u-border-none u-btn u-button-style u-hover-none u-none u-text-palette-1-base u-btn-13\">Avalia\u00e7\u00e3o de Cidadania e Desenvolvimento - 3\u00ba ciclo<\/a>\n          <\/li>\n          <li>\n            <a href=\"https:\/\/forms.gle\/Jp1mzNwr8vGdAnmMA\" target=\"_blank\" rel=\"noopener noreferrer\" class=\"u-active-none u-border-none u-btn u-button-style u-hover-none u-none u-text-palette-1-base u-btn-14\">Avalia\u00e7\u00e3o de&nbsp;Cidadania e Desenvolvimento&nbsp;- 10\u00ba ano<\/a>\n          <\/li>\n          <li>\n            <a href=\"https:\/\/forms.gle\/2hdQ5fZ9qtuKyoib8\" target=\"_blank\" rel=\"noopener noreferrer\" class=\"u-active-none u-border-none u-btn u-button-style u-hover-none u-none u-text-palette-1-base u-btn-15\">Avalia\u00e7\u00e3o de&nbsp;Cidadania e Desenvolvimento&nbsp;- 11\u00ba ano<\/a>\n          <\/li>\n          <li style=\"\">\n            <a href=\"https:\/\/forms.gle\/CPVtFuRaEUwxXXPk8\" target=\"_blank\" rel=\"noopener noreferrer\" class=\"u-active-none u-border-none u-btn u-button-style u-hover-none u-none u-text-palette-1-base u-btn-16\">Avalia\u00e7\u00e3o de&nbsp;Cidadania e Desenvolvimento&nbsp;- 10\u00ba\/11\u00ba ano - DT<\/a>\n          <\/li>\n          <li style=\"\">\n            <a href=\"https:\/\/forms.gle\/uYVn9FTbpfTa5Gdp7\" target=\"_blank\" rel=\"noopener noreferrer\" class=\"u-active-none u-border-none u-btn u-button-style u-hover-none u-none u-text-palette-1-base u-btn-17\">Avalia\u00e7\u00e3o de&nbsp;Cidadania e Desenvolvimento&nbsp;- Pais e Encarregados de Educa\u00e7\u00e3o<\/a>\n            <br>\n          <\/li>\n          <li style=\"\">\n            <a href=\"https:\/\/forms.gle\/YY56nHtpBWsRgqMw9\" target=\"_blank\" rel=\"noopener noreferrer\" class=\"u-active-none u-border-none u-btn u-button-style u-hover-none u-none u-text-palette-1-base u-btn-18\">Avalia\u00e7\u00e3o de Viv\u00eancias e Experi\u00eancias em Cidadania - Cidadania e Desenvolvimento<\/a>\n            <br>\n          <\/li>\n        <\/ul>\n        <div class=\"u-border-2 u-border-grey-dark-1 u-line u-line-horizontal u-line-2\"><\/div>\n        <h3 class=\"u-align-center u-text u-text-7\">DOCUMENTOS ESTRUTURANTES DA AVALIA\u00c7\u00c3O INTERNA<\/h3>\n        <ul class=\"u-align-left u-text u-text-palette-4-base u-text-8\">\n          <li>\n            <a href=\"https:\/\/forms.gle\/vLifYpg573RCYXwS8\" target=\"_blank\" rel=\"noopener noreferrer\" class=\"u-active-none u-border-none u-btn u-button-style u-hover-none u-none u-text-palette-1-base u-btn-19\"><\/a>Relat\u00f3rios interm\u00e9dio&nbsp;e final do Reporte (Aplica\u00e7\u00e3o MAR - Monitoring Application for Report)\n          <\/li>\n          <li>Relat\u00f3rios APA \/ Turmas Sat\u00e9lite, PPEN, EPU, EPS<\/li>\n          <li>Relat\u00f3rio Question\u00e1rios sobre grau satisfa\u00e7\u00e3o (OQ)<\/li>\n          <li>Relat\u00f3rio das dificuldades observadas e n\u00edveis inferiores a 3 e a 10<\/li>\n          <li>Relat\u00f3rio interm\u00e9dio do sucesso acad\u00e9mico<\/li>\n          <li>Relat\u00f3rio da Avalia\u00e7\u00e3o Final (Externa e Interna)<\/li>\n          <li>Relat\u00f3rios interm\u00e9dio e final das Mentorias \/ Tutorias<\/li>\n          <li>Relat\u00f3rio da Avalia\u00e7\u00e3o Interna (Atividades)<\/li>\n          <li>Relat\u00f3rio da EMAEI<\/li>\n          <li>Relat\u00f3rios interm\u00e9dio e final do PAE<\/li>\n          <li>Relat\u00f3rio final de consecu\u00e7\u00e3o dos Projetos Educativos<\/li>\n          <li>Relat\u00f3rio Final Desporto Escolar<\/li>\n          <li>Relat\u00f3rios Cargos Pedag\u00f3gicos<\/li>\n          <li>Relat\u00f3rio BE\/CRE<\/li>\n          <li>Relat\u00f3rio Anual do Plano de Inova\u00e7\u00e3o<\/li>\n          <li>Relat\u00f3rio Anual Educa\u00e7\u00e3o para a Cidadania<\/li>\n          <li>Relat\u00f3rio Anual do Projeto Integrador<\/li>\n        <\/ul>\n        <div class=\"u-border-2 u-border-grey-dark-1 u-line u-line-horizontal u-line-3\"><\/div>\n        <h3 class=\"u-align-center u-text u-text-9\">DOCUMENTOS ESTRUTURANTES DA POL\u00cdTICA EDUCATIVA<\/h3>\n        <ul class=\"u-align-left u-text u-text-palette-1-base u-text-10\">\n          <li>\n            <a href=\"https:\/\/forms.gle\/vLifYpg573RCYXwS8\" target=\"_blank\" rel=\"noopener noreferrer\" class=\"u-active-none u-border-none u-btn u-button-style u-hover-none u-none u-text-palette-1-base u-btn-20\"><\/a>\n            <a href=\"https:\/\/www.dge.mec.pt\/sites\/default\/files\/EEspecial\/dl_54_2018.pdf\" target=\"_blank\" rel=\"noopener noreferrer\" class=\"u-active-none u-border-none u-btn u-button-style u-hover-none u-none u-text-palette-1-base u-btn-21\">Decreto-Lei n.\u00ba 54\/2018, de 6 de julho<\/a>\n          <\/li>\n          <li>\n            <a href=\"https:\/\/www.dge.mec.pt\/sites\/default\/files\/EEspecial\/dl_54_2018.pdf\" target=\"_blank\" rel=\"noopener noreferrer\" class=\"u-active-none u-border-none u-btn u-button-style u-hover-none u-none u-text-palette-1-base u-btn-22\">Educa\u00e7\u00e3o Inclusiva<\/a>\n            <a href=\"https:\/\/dge.mec.pt\/sites\/default\/files\/Curriculo\/AFC\/dl_55_2018_afc.pdf\" target=\"_blank\" rel=\"noopener noreferrer\" class=\"u-active-none u-border-none u-btn u-button-style u-hover-none u-none u-text-palette-1-base u-btn-23\">Decreto-Lei n.\u00ba 55\/2018, de 6 de julho<\/a>\n          <\/li>\n          <li>\n            <a href=\"https:\/\/dge.mec.pt\/sites\/default\/files\/Curriculo\/AFC\/dl_55_2018_afc.pdf\" target=\"_blank\" rel=\"noopener noreferrer\" class=\"u-active-none u-border-none u-btn u-button-style u-hover-none u-none u-text-palette-1-base u-btn-24\">Autonomia e Flexibilidade Curricular<\/a>\n            <a href=\"https:\/\/dge.mec.pt\/sites\/default\/files\/Curriculo\/Projeto_Autonomia_e_Flexibilidade\/perfil_dos_alunos.pdf\" target=\"_blank\" rel=\"noopener noreferrer\" class=\"u-active-none u-border-none u-btn u-button-style u-hover-none u-none u-text-palette-1-base u-btn-25\">PASEO - Perfil dos alunos \u00e0 sa\u00edda da escolaridade obrigat\u00f3ria<\/a>-\n          <\/li>\n          <li>\n            <a href=\"https:\/\/www.dge.mec.pt\/aprendizagens-essenciais-ensino-basico\" target=\"_blank\" rel=\"noopener noreferrer\" class=\"u-active-none u-border-none u-btn u-button-style u-hover-none u-none u-text-palette-1-base u-btn-26\">Aprendizagens essenciais - Ensino B\u00e1sico<\/a>-\n          <\/li>\n          <li>\n            <a href=\"https:\/\/www.dge.mec.pt\/aprendizagens-essenciais-ensino-secundario\" target=\"_blank\" rel=\"noopener noreferrer\" class=\"u-active-none u-border-none u-btn u-button-style u-hover-none u-none u-text-palette-1-base u-btn-27\">Aprendizagens essenciais - Ensino Secund\u00e1rio<\/a>-\n          <\/li>\n          <li>\n            <a href=\"https:\/\/www.dge.mec.pt\/sites\/default\/files\/Projetos_Curriculares\/Aprendizagens_Essenciais\/estrategia_cidadania_original.pdf\" class=\"u-active-none u-border-none u-btn u-button-style u-hover-none u-none u-text-palette-1-base u-btn-28\">Estrat\u00e9gia Nacional de Educa\u00e7\u00e3o para a Cidadania<\/a>\n          <\/li>\n        <\/ul>\n        <div class=\"u-border-2 u-border-grey-dark-1 u-line u-line-horizontal u-line-4\"><\/div>\n      <\/div>\n    <\/section>\n    \n    \n    \n  \n","protected":false},"excerpt":{"rendered":"<p>Avalia\u00e7\u00e3o Interna INFOESCOLAS 3.\u00ba Ciclo Cursos Cient\u00edfico-Human\u00edsticos Cursos Profissionais Monitoriza\u00e7\u00e3o e Avalia\u00e7\u00e3o &#8211; Relat\u00f3rio S\u00edntese 2022\/2023 Planos de Melhoria QUESTION\u00c1RIOS Satisfa\u00e7\u00e3o &#8211; Alunos Satisfa\u00e7\u00e3o &#8211; Pais e Encarregados de Educa\u00e7\u00e3o Satisfa\u00e7\u00e3o &#8211; Pessoal Docente Satisfa\u00e7\u00e3o &#8211; Pessoal N\u00e3o Docente Avalia\u00e7\u00e3o pedag\u00f3gica &#8211; Referencial de autoavalia\u00e7\u00e3o Avalia\u00e7\u00e3o de atividades Avalia\u00e7\u00e3o do Projeto Integrador &#8211; 7\u00ba ano &hellip; <a href=\"https:\/\/www.quintadaspalmeiras.pt\/portal1\/avaliacao-interna\/\" class=\"more-link\">Continue reading<span class=\"screen-reader-text\"> &#8220;Avalia\u00e7\u00e3o Interna&#8221;<\/span><\/a><\/p>\n","protected":false},"author":1,"featured_media":0,"parent":0,"menu_order":0,"comment_status":"closed","ping_status":"closed","template":"","meta":{"_angie_page":false,"_crdt_document":"","footnotes":""},"class_list":["post-149","page","type-page","status-publish","hentry"],"_links":{"self":[{"href":"https:\/\/www.quintadaspalmeiras.pt\/portal1\/wp-json\/wp\/v2\/pages\/149","targetHints":{"allow":["GET"]}}],"collection":[{"href":"https:\/\/www.quintadaspalmeiras.pt\/portal1\/wp-json\/wp\/v2\/pages"}],"about":[{"href":"https:\/\/www.quintadaspalmeiras.pt\/portal1\/wp-json\/wp\/v2\/types\/page"}],"author":[{"embeddable":true,"href":"https:\/\/www.quintadaspalmeiras.pt\/portal1\/wp-json\/wp\/v2\/users\/1"}],"replies":[{"embeddable":true,"href":"https:\/\/www.quintadaspalmeiras.pt\/portal1\/wp-json\/wp\/v2\/comments?post=149"}],"version-history":[{"count":2,"href":"https:\/\/www.quintadaspalmeiras.pt\/portal1\/wp-json\/wp\/v2\/pages\/149\/revisions"}],"predecessor-version":[{"id":152,"href":"https:\/\/www.quintadaspalmeiras.pt\/portal1\/wp-json\/wp\/v2\/pages\/149\/revisions\/152"}],"wp:attachment":[{"href":"https:\/\/www.quintadaspalmeiras.pt\/portal1\/wp-json\/wp\/v2\/media?parent=149"}],"curies":[{"name":"wp","href":"https:\/\/api.w.org\/{rel}","templated":true}]}}