{"id":55,"date":"2018-09-25T13:18:35","date_gmt":"2018-09-25T13:18:35","guid":{"rendered":"http:\/\/www.quintadaspalmeiras.pt\/palmeirasimpress\/?page_id=55"},"modified":"2019-10-28T18:05:07","modified_gmt":"2019-10-28T18:05:07","slug":"elementor-55","status":"publish","type":"page","link":"https:\/\/www.quintadaspalmeiras.pt\/palmeirasimpress\/elementor-55\/","title":{"rendered":"Ficha T\u00e9cnica"},"content":{"rendered":"\t\t<div data-elementor-type=\"wp-post\" data-elementor-id=\"55\" class=\"elementor elementor-55\">\n\t\t\t\t\t\t<section class=\"elementor-section elementor-top-section elementor-element elementor-element-a567482 elementor-section-boxed elementor-section-height-default elementor-section-height-default\" data-id=\"a567482\" data-element_type=\"section\">\n\t\t\t\t\t\t<div class=\"elementor-container elementor-column-gap-default\">\n\t\t\t\t\t<div class=\"elementor-column elementor-col-100 elementor-top-column elementor-element elementor-element-48f3fcf\" data-id=\"48f3fcf\" data-element_type=\"column\">\n\t\t\t<div class=\"elementor-widget-wrap elementor-element-populated\">\n\t\t\t\t\t\t<div class=\"elementor-element elementor-element-6eb6c3f elementor-widget elementor-widget-text-editor\" data-id=\"6eb6c3f\" data-element_type=\"widget\" data-widget_type=\"text-editor.default\">\n\t\t\t\t<div class=\"elementor-widget-container\">\n\t\t\t\t\t\t\t<p>Propriedade: Escola Secund\u00e1ria Quinta das Palmeiras &#8211; Covilh\u00e3 |\u00a0Rua de Timor 6200-006 | 275 320 580 |\u00a0<span style=\"font-size: 16px;\"><a href=\"https:\/\/www.quintadaspalmeiras.pt\">www.quintadaspalmeiras.pt<\/a> | E-mail: <a href=\"mailto:jornal@quintadaspalmeiras.pt\">jornal@quintadaspalmeiras.pt<\/a><\/span><\/p><p><span style=\"font-size: 16px;\">Diretor: Jo\u00e3o Paulo Mineiro | Coordena\u00e7\u00e3o: L\u00eddia Mineiro, Albertina Leit\u00e3o, Paulo Morais<\/span><\/p><p>Revis\u00e3o de textos: L\u00eddia Mineiro, Albertina Leit\u00e3o<\/p><p>Participa\u00e7\u00e3o:<\/p><p>Biblioteca\/CRE<\/p><p>Desporto Escolar: Marta Andr\u00e9<\/p><p>Design Gr\u00e1fico e Pagina\u00e7\u00e3o: Paulo Morais<\/p>\t\t\t\t\t\t<\/div>\n\t\t\t\t<\/div>\n\t\t\t\t\t<\/div>\n\t\t<\/div>\n\t\t\t\t\t<\/div>\n\t\t<\/section>\n\t\t\t\t<\/div>\n\t\t","protected":false},"excerpt":{"rendered":"<p>Propriedade: Escola Secund\u00e1ria Quinta das Palmeiras &#8211; Covilh\u00e3 |\u00a0Rua de Timor 6200-006 | 275 320 580 |\u00a0www.quintadaspalmeiras.pt | E-mail: jornal@quintadaspalmeiras.pt Diretor: Jo\u00e3o Paulo Mineiro | Coordena\u00e7\u00e3o: L\u00eddia Mineiro, Albertina Leit\u00e3o, Paulo Morais Revis\u00e3o de textos: L\u00eddia Mineiro, Albertina Leit\u00e3o Participa\u00e7\u00e3o: Biblioteca\/CRE Desporto Escolar: Marta Andr\u00e9 Design Gr\u00e1fico e Pagina\u00e7\u00e3o: Paulo Morais<\/p>\n","protected":false},"author":1,"featured_media":0,"parent":0,"menu_order":0,"comment_status":"closed","ping_status":"closed","template":"","meta":{"_exactmetrics_skip_tracking":false,"_exactmetrics_sitenote_active":false,"_exactmetrics_sitenote_note":"","_exactmetrics_sitenote_category":0,"_ti_tpc_template_sync":false,"_ti_tpc_template_id":"","footnotes":""},"class_list":["post-55","page","type-page","status-publish","hentry"],"yoast_head":"<!-- This site is optimized with the Yoast SEO plugin v22.5 - https:\/\/yoast.com\/wordpress\/plugins\/seo\/ -->\n<title>Ficha T\u00e9cnica - Palmeiras Impress Digital<\/title>\n<meta name=\"robots\" content=\"index, follow, max-snippet:-1, max-image-preview:large, max-video-preview:-1\" \/>\n<link rel=\"canonical\" href=\"https:\/\/www.quintadaspalmeiras.pt\/palmeirasimpress\/elementor-55\/\" \/>\n<meta property=\"og:locale\" content=\"pt_PT\" \/>\n<meta property=\"og:type\" content=\"article\" \/>\n<meta property=\"og:title\" content=\"Ficha T\u00e9cnica - Palmeiras Impress Digital\" \/>\n<meta property=\"og:description\" content=\"Propriedade: Escola Secund\u00e1ria Quinta das Palmeiras &#8211; Covilh\u00e3 |\u00a0Rua de Timor 6200-006 | 275 320 580 |\u00a0www.quintadaspalmeiras.pt | E-mail: jornal@quintadaspalmeiras.pt Diretor: Jo\u00e3o Paulo Mineiro | Coordena\u00e7\u00e3o: L\u00eddia Mineiro, Albertina Leit\u00e3o, Paulo Morais Revis\u00e3o de textos: L\u00eddia Mineiro, Albertina Leit\u00e3o Participa\u00e7\u00e3o: Biblioteca\/CRE Desporto Escolar: Marta Andr\u00e9 Design Gr\u00e1fico e Pagina\u00e7\u00e3o: Paulo Morais\" \/>\n<meta property=\"og:url\" content=\"https:\/\/www.quintadaspalmeiras.pt\/palmeirasimpress\/elementor-55\/\" \/>\n<meta property=\"og:site_name\" content=\"Palmeiras Impress Digital\" \/>\n<meta property=\"article:publisher\" content=\"https:\/\/www.facebook.com\/quintadaspalmeirascovilha\/\" \/>\n<meta property=\"article:modified_time\" content=\"2019-10-28T18:05:07+00:00\" \/>\n<meta name=\"twitter:card\" content=\"summary_large_image\" \/>\n<meta name=\"twitter:site\" content=\"@cteducacao\" \/>\n<script type=\"application\/ld+json\" class=\"yoast-schema-graph\">{\"@context\":\"https:\/\/schema.org\",\"@graph\":[{\"@type\":\"WebPage\",\"@id\":\"https:\/\/www.quintadaspalmeiras.pt\/palmeirasimpress\/elementor-55\/\",\"url\":\"https:\/\/www.quintadaspalmeiras.pt\/palmeirasimpress\/elementor-55\/\",\"name\":\"Ficha T\u00e9cnica - Palmeiras Impress Digital\",\"isPartOf\":{\"@id\":\"https:\/\/www.quintadaspalmeiras.pt\/palmeirasimpress\/#website\"},\"datePublished\":\"2018-09-25T13:18:35+00:00\",\"dateModified\":\"2019-10-28T18:05:07+00:00\",\"breadcrumb\":{\"@id\":\"https:\/\/www.quintadaspalmeiras.pt\/palmeirasimpress\/elementor-55\/#breadcrumb\"},\"inLanguage\":\"pt-PT\",\"potentialAction\":[{\"@type\":\"ReadAction\",\"target\":[\"https:\/\/www.quintadaspalmeiras.pt\/palmeirasimpress\/elementor-55\/\"]}]},{\"@type\":\"BreadcrumbList\",\"@id\":\"https:\/\/www.quintadaspalmeiras.pt\/palmeirasimpress\/elementor-55\/#breadcrumb\",\"itemListElement\":[{\"@type\":\"ListItem\",\"position\":1,\"name\":\"In\u00edcio\",\"item\":\"https:\/\/www.quintadaspalmeiras.pt\/palmeirasimpress\/\"},{\"@type\":\"ListItem\",\"position\":2,\"name\":\"Ficha T\u00e9cnica\"}]},{\"@type\":\"WebSite\",\"@id\":\"https:\/\/www.quintadaspalmeiras.pt\/palmeirasimpress\/#website\",\"url\":\"https:\/\/www.quintadaspalmeiras.pt\/palmeirasimpress\/\",\"name\":\"Palmeiras Impress Digital\",\"description\":\"Jornal Digital da Escola Quinta das Palmeiras - Covilh\u00e3\",\"potentialAction\":[{\"@type\":\"SearchAction\",\"target\":{\"@type\":\"EntryPoint\",\"urlTemplate\":\"https:\/\/www.quintadaspalmeiras.pt\/palmeirasimpress\/?s={search_term_string}\"},\"query-input\":\"required name=search_term_string\"}],\"inLanguage\":\"pt-PT\"}]}<\/script>\n<!-- \/ Yoast SEO plugin. -->","yoast_head_json":{"title":"Ficha T\u00e9cnica - Palmeiras Impress Digital","robots":{"index":"index","follow":"follow","max-snippet":"max-snippet:-1","max-image-preview":"max-image-preview:large","max-video-preview":"max-video-preview:-1"},"canonical":"https:\/\/www.quintadaspalmeiras.pt\/palmeirasimpress\/elementor-55\/","og_locale":"pt_PT","og_type":"article","og_title":"Ficha T\u00e9cnica - Palmeiras Impress Digital","og_description":"Propriedade: Escola Secund\u00e1ria Quinta das Palmeiras &#8211; Covilh\u00e3 |\u00a0Rua de Timor 6200-006 | 275 320 580 |\u00a0www.quintadaspalmeiras.pt | E-mail: jornal@quintadaspalmeiras.pt Diretor: Jo\u00e3o Paulo Mineiro | Coordena\u00e7\u00e3o: L\u00eddia Mineiro, Albertina Leit\u00e3o, Paulo Morais Revis\u00e3o de textos: L\u00eddia Mineiro, Albertina Leit\u00e3o Participa\u00e7\u00e3o: Biblioteca\/CRE Desporto Escolar: Marta Andr\u00e9 Design Gr\u00e1fico e Pagina\u00e7\u00e3o: Paulo Morais","og_url":"https:\/\/www.quintadaspalmeiras.pt\/palmeirasimpress\/elementor-55\/","og_site_name":"Palmeiras Impress Digital","article_publisher":"https:\/\/www.facebook.com\/quintadaspalmeirascovilha\/","article_modified_time":"2019-10-28T18:05:07+00:00","twitter_card":"summary_large_image","twitter_site":"@cteducacao","schema":{"@context":"https:\/\/schema.org","@graph":[{"@type":"WebPage","@id":"https:\/\/www.quintadaspalmeiras.pt\/palmeirasimpress\/elementor-55\/","url":"https:\/\/www.quintadaspalmeiras.pt\/palmeirasimpress\/elementor-55\/","name":"Ficha T\u00e9cnica - Palmeiras Impress Digital","isPartOf":{"@id":"https:\/\/www.quintadaspalmeiras.pt\/palmeirasimpress\/#website"},"datePublished":"2018-09-25T13:18:35+00:00","dateModified":"2019-10-28T18:05:07+00:00","breadcrumb":{"@id":"https:\/\/www.quintadaspalmeiras.pt\/palmeirasimpress\/elementor-55\/#breadcrumb"},"inLanguage":"pt-PT","potentialAction":[{"@type":"ReadAction","target":["https:\/\/www.quintadaspalmeiras.pt\/palmeirasimpress\/elementor-55\/"]}]},{"@type":"BreadcrumbList","@id":"https:\/\/www.quintadaspalmeiras.pt\/palmeirasimpress\/elementor-55\/#breadcrumb","itemListElement":[{"@type":"ListItem","position":1,"name":"In\u00edcio","item":"https:\/\/www.quintadaspalmeiras.pt\/palmeirasimpress\/"},{"@type":"ListItem","position":2,"name":"Ficha T\u00e9cnica"}]},{"@type":"WebSite","@id":"https:\/\/www.quintadaspalmeiras.pt\/palmeirasimpress\/#website","url":"https:\/\/www.quintadaspalmeiras.pt\/palmeirasimpress\/","name":"Palmeiras Impress Digital","description":"Jornal Digital da Escola Quinta das Palmeiras - Covilh\u00e3","potentialAction":[{"@type":"SearchAction","target":{"@type":"EntryPoint","urlTemplate":"https:\/\/www.quintadaspalmeiras.pt\/palmeirasimpress\/?s={search_term_string}"},"query-input":"required name=search_term_string"}],"inLanguage":"pt-PT"}]}},"_links":{"self":[{"href":"https:\/\/www.quintadaspalmeiras.pt\/palmeirasimpress\/wp-json\/wp\/v2\/pages\/55","targetHints":{"allow":["GET"]}}],"collection":[{"href":"https:\/\/www.quintadaspalmeiras.pt\/palmeirasimpress\/wp-json\/wp\/v2\/pages"}],"about":[{"href":"https:\/\/www.quintadaspalmeiras.pt\/palmeirasimpress\/wp-json\/wp\/v2\/types\/page"}],"author":[{"embeddable":true,"href":"https:\/\/www.quintadaspalmeiras.pt\/palmeirasimpress\/wp-json\/wp\/v2\/users\/1"}],"replies":[{"embeddable":true,"href":"https:\/\/www.quintadaspalmeiras.pt\/palmeirasimpress\/wp-json\/wp\/v2\/comments?post=55"}],"version-history":[{"count":7,"href":"https:\/\/www.quintadaspalmeiras.pt\/palmeirasimpress\/wp-json\/wp\/v2\/pages\/55\/revisions"}],"predecessor-version":[{"id":639,"href":"https:\/\/www.quintadaspalmeiras.pt\/palmeirasimpress\/wp-json\/wp\/v2\/pages\/55\/revisions\/639"}],"wp:attachment":[{"href":"https:\/\/www.quintadaspalmeiras.pt\/palmeirasimpress\/wp-json\/wp\/v2\/media?parent=55"}],"curies":[{"name":"wp","href":"https:\/\/api.w.org\/{rel}","templated":true}]}}