{"id":312,"date":"2019-01-29T19:24:41","date_gmt":"2019-01-29T19:24:41","guid":{"rendered":"http:\/\/www.quintadaspalmeiras.pt\/palmeirasimpress\/?page_id=312"},"modified":"2019-01-29T22:13:35","modified_gmt":"2019-01-29T22:13:35","slug":"qtv-palmeiras","status":"publish","type":"page","link":"https:\/\/www.quintadaspalmeiras.pt\/palmeirasimpress\/qtv-palmeiras\/","title":{"rendered":"QTV Palmeiras"},"content":{"rendered":"\n<p>Canal Oficial de TV Digital da Escola Quinta das Palmeiras. <\/p>\n\n\n\n<p><a href=\"https:\/\/www.youtube.com\/channel\/UC7JQmx9msD6gQ9z_qUXFDBQ\">https:\/\/www.youtube.com\/channel\/UC7JQmx9msD6gQ9z_qUXFDBQ<\/a><\/p>\n\n\n\t\t\t<div \n\t\t\tclass=\"yotu-playlist yotuwp yotu-limit-min   yotu-thumb-169  yotu-template-grid\" \n\t\t\tdata-page=\"1\"\n\t\t\tid=\"yotuwp-69e3bfbdec4dc\"\n\t\t\tdata-yotu=\"69e3bfbe6c6dd\"\n\t\t\tdata-total=\"8\"\n\t\t\tdata-settings=\"eyJ0eXBlIjoicGxheWxpc3QiLCJpZCI6IlVVN0pRbXg5bXNENmdROXpfcVVYRkRCUSIsInBhZ2luYXRpb24iOiJvbiIsInBhZ2l0eXBlIjoicGFnZXIiLCJjb2x1bW4iOiIzIiwicGVyX3BhZ2UiOiIxMiIsInRlbXBsYXRlIjoiZ3JpZCIsInRpdGxlIjoib24iLCJkZXNjcmlwdGlvbiI6Im9uIiwidGh1bWJyYXRpbyI6IjE2OSIsIm1ldGEiOiJvZmYiLCJtZXRhX2RhdGEiOiJvZmYiLCJtZXRhX3Bvc2l0aW9uIjoib2ZmIiwiZGF0ZV9mb3JtYXQiOiJvZmYiLCJtZXRhX2FsaWduIjoib2ZmIiwic3Vic2NyaWJlIjoib2ZmIiwiZHVyYXRpb24iOiJvZmYiLCJtZXRhX2ljb24iOiJvZmYiLCJuZXh0dGV4dCI6IiIsInByZXZ0ZXh0IjoiIiwibG9hZG1vcmV0ZXh0IjoiIiwicGxheWVyIjp7Im1vZGUiOiJsYXJnZSIsIndpZHRoIjoiNjAwIiwic2Nyb2xsaW5nIjoiMTAwIiwiYXV0b3BsYXkiOjEsImNvbnRyb2xzIjoxLCJtb2Rlc3RicmFuZGluZyI6MSwibG9vcCI6MSwiYXV0b25leHQiOjEsInNob3dpbmZvIjoxLCJyZWwiOjEsInBsYXlpbmciOjEsInBsYXlpbmdfZGVzY3JpcHRpb24iOjEsInRodW1ibmFpbHMiOjAsImNjX2xvYWRfcG9saWN5IjoiMSIsImNjX2xhbmdfcHJlZiI6IjEiLCJobCI6IlBvcnR1Z3VcdTAwZWFzIiwiaXZfbG9hZF9wb2xpY3kiOiIxIn0sImxhc3RfdGFiIjoicGxheWVyIiwidXNlX2FzX21vZGFsIjoib2ZmIiwibW9kYWxfaWQiOiJvZmYiLCJsYXN0X3VwZGF0ZSI6IjE1NDg3OTIxMjEiLCJzdHlsaW5nIjp7InBhZ2VyX2xheW91dCI6ImRlZmF1bHQiLCJidXR0b24iOiIxIiwiYnV0dG9uX2NvbG9yIjoiIiwiYnV0dG9uX2JnX2NvbG9yIjoiIiwiYnV0dG9uX2NvbG9yX2hvdmVyIjoiIiwiYnV0dG9uX2JnX2NvbG9yX2hvdmVyIjoiIiwidmlkZW9fc3R5bGUiOiIiLCJwbGF5aWNvbl9jb2xvciI6IiIsImhvdmVyX2ljb24iOiIiLCJnYWxsZXJ5X2JnIjoiIn0sImVmZmVjdHMiOnsidmlkZW9fYm94IjoieXRlZi1mbG9hdCIsImZsaXBfZWZmZWN0IjoiIn0sImdhbGxlcnlfaWQiOiI2OWUzYmZiZGVjNGRjIiwibmV4dCI6IkVBQWFIbEJVT2tOQmQybEZSVkV6VGxSWk1rMVVhekJOZWxKRlRucHJkMDU2VFEiLCJwcmV2IjoiIn0=\"\n\t\t\tdata-player=\"large\"\n\t\t\tdata-showdesc=\"on\" >\n\t\t\t\t<div>\n\t\t\t\t\t\t\t\t\t\t<div class=\"yotu-wrapper-player\" style=\"width:600px\">\n\t\t\t\t\t\t\t\t\t\t\t\t\t<div class=\"yotu-playing\">\n\t\t\t\t\t\t\t\tRepensar o Mundo | T3 | Programa #1 | O Regresso\t\t\t\t\t\t\t<\/div>\n\t\t\t\t\t\t\t\t\t\t\t\t<div class=\"yotu-player\">\n\t\t\t\t\t\t\t<div class=\"yotu-video-placeholder\" id=\"yotu-player-69e3bfbe6c6dd\"><\/div>\n\t\t\t\t\t\t<\/div>\n\t\t\t\t\t\t<div class=\"yotu-playing-status\"><\/div>\n\t\t\t\t\t\t\t\t\t\t\t\t<div class=\"yotu-playing-description\">\n\t\t\t\t\t\t\tSejam bem-vindos \u00e0 terceira temporada do \u201cRepensar o Mundo\u201d. \ud83c\udf0f<br \/>\nUm programa da QTV - Palmeiras, que j\u00e1 conta com 2 temporadas e vai dar continuidade este ano, com novos apresentadores, um novo formato e temas diferentes.<br \/>\nContinuamos com a coordena\u00e7\u00e3o da professora L\u00eddia Mineiro.<br \/>\nO nosso objetivo \u00e9 ajudar a informar sobre diversos temas da atualidade, tanto da nossa sociedade e do mundo como ao n\u00edvel da nossa escola e cidade.<br \/>\n<br \/>\n\u201cTodos os pensamentos inteligentes j\u00e1 foram pensados, \u00e9 preciso apenas tentar repens\u00e1-los\u201d\t\t\t\t\t\t<\/div>\n\t\t\t\t\t\t\t\t\t\t\t<\/div>\n\n\t\t\t\t\t<div class=\"yotu-pagination yotu-pager_layout-default yotu-pagination-top\">\n<a href=\"#\" class=\"yotu-pagination-prev yotu-button-prs yotu-button-prs-1\" data-page=\"prev\">Prev<\/a>\n<span class=\"yotu-pagination-current\">1<\/span> <span>of<\/span> <span class=\"yotu-pagination-total\">8<\/span>\n<a href=\"#\" class=\"yotu-pagination-next yotu-button-prs yotu-button-prs-1\" data-page=\"next\">Next<\/a>\n<\/div>\n<div class=\"yotu-videos yotu-mode-grid yotu-column-3 yotu-player-mode-large\">\n\t<ul>\n\t\t\t\t\t<li class=\" yotu-first\">\n\t\t\t\t\t\t\t\t<a href=\"#aAzZ8oSWfd8\" class=\"yotu-video ytef-float\" data-videoid=\"aAzZ8oSWfd8\" data-title=\"Repensar o Mundo | T3 | Programa #1 | O Regresso\" title=\"Repensar o Mundo | T3 | Programa #1 | O Regresso\">\n\t\t\t\t\t<div class=\"yotu-video-thumb-wrp\">\n\t\t\t\t\t\t<div>\n\t\t\t\t\t\t\t\t\t\t\t\t\t\t<img decoding=\"async\" class=\"yotu-video-thumb\" src=\"https:\/\/i.ytimg.com\/vi\/aAzZ8oSWfd8\/sddefault.jpg\" alt=\"Repensar o Mundo | T3 | Programa #1 | O Regresso\">\t\n\t\t\t\t\t\t\t\t\t\t\t\t\t<\/div>\n\t\t\t\t\t<\/div>\n\t\t\t\t\t\t\t\t\t\t\t<h3 class=\"yotu-video-title\">Repensar o Mundo | T3 | Programa #1 | O Regresso<\/h3>\n\t\t\t\t\t\t\t\t\t\t\t\t\t\t\t\t\t\t\t\t\t<div class=\"yotu-video-description\"><\/div>\n\t\t\t\t\t\t\t\t\t<\/a>\n\t\t\t\t\t\t\t<\/li>\n\t\t\t\t\n\t\t\t\t\t\t<li class=\"\">\n\t\t\t\t\t\t\t\t<a href=\"#-cgV-6XjEeE\" class=\"yotu-video ytef-float\" data-videoid=\"-cgV-6XjEeE\" data-title=\"Letras a Voar | T2 | Epis\u00f3dio 1\" title=\"Letras a Voar | T2 | Epis\u00f3dio 1\">\n\t\t\t\t\t<div class=\"yotu-video-thumb-wrp\">\n\t\t\t\t\t\t<div>\n\t\t\t\t\t\t\t\t\t\t\t\t\t\t<img decoding=\"async\" class=\"yotu-video-thumb\" src=\"https:\/\/i.ytimg.com\/vi\/-cgV-6XjEeE\/sddefault.jpg\" alt=\"Letras a Voar | T2 | Epis\u00f3dio 1\">\t\n\t\t\t\t\t\t\t\t\t\t\t\t\t<\/div>\n\t\t\t\t\t<\/div>\n\t\t\t\t\t\t\t\t\t\t\t<h3 class=\"yotu-video-title\">Letras a Voar | T2 | Epis\u00f3dio 1<\/h3>\n\t\t\t\t\t\t\t\t\t\t\t\t\t\t\t\t\t\t\t\t\t<div class=\"yotu-video-description\"><\/div>\n\t\t\t\t\t\t\t\t\t<\/a>\n\t\t\t\t\t\t\t<\/li>\n\t\t\t\t\n\t\t\t\t\t\t<li class=\"\">\n\t\t\t\t\t\t\t\t<a href=\"#m4dkL2nNGHY\" class=\"yotu-video ytef-float\" data-videoid=\"m4dkL2nNGHY\" data-title=\"OPE - OR\u00c7AMENTO PARTICIPATIVO DAS ESCOLAS 2026\" title=\"OPE - OR\u00c7AMENTO PARTICIPATIVO DAS ESCOLAS 2026\">\n\t\t\t\t\t<div class=\"yotu-video-thumb-wrp\">\n\t\t\t\t\t\t<div>\n\t\t\t\t\t\t\t\t\t\t\t\t\t\t<img decoding=\"async\" class=\"yotu-video-thumb\" src=\"https:\/\/i.ytimg.com\/vi\/m4dkL2nNGHY\/sddefault.jpg\" alt=\"OPE - OR\u00c7AMENTO PARTICIPATIVO DAS ESCOLAS 2026\">\t\n\t\t\t\t\t\t\t\t\t\t\t\t\t<\/div>\n\t\t\t\t\t<\/div>\n\t\t\t\t\t\t\t\t\t\t\t<h3 class=\"yotu-video-title\">OPE - OR\u00c7AMENTO PARTICIPATIVO DAS ESCOLAS 2026<\/h3>\n\t\t\t\t\t\t\t\t\t\t\t\t\t\t\t\t\t\t\t\t\t<div class=\"yotu-video-description\"><\/div>\n\t\t\t\t\t\t\t\t\t<\/a>\n\t\t\t\t\t\t\t<\/li>\n\t\t\t\t\n\t\t\t\t\t\t<li class=\"\">\n\t\t\t\t\t\t\t\t<a href=\"#549RJcRoUJo\" class=\"yotu-video ytef-float\" data-videoid=\"549RJcRoUJo\" data-title=\"Cell Wars: o Cancro e a Biologia por Tr\u00e1s da Batalha\" title=\"Cell Wars: o Cancro e a Biologia por Tr\u00e1s da Batalha\">\n\t\t\t\t\t<div class=\"yotu-video-thumb-wrp\">\n\t\t\t\t\t\t<div>\n\t\t\t\t\t\t\t\t\t\t\t\t\t\t<img decoding=\"async\" class=\"yotu-video-thumb\" src=\"https:\/\/i.ytimg.com\/vi\/549RJcRoUJo\/sddefault.jpg\" alt=\"Cell Wars: o Cancro e a Biologia por Tr\u00e1s da Batalha\">\t\n\t\t\t\t\t\t\t\t\t\t\t\t\t<\/div>\n\t\t\t\t\t<\/div>\n\t\t\t\t\t\t\t\t\t\t\t<h3 class=\"yotu-video-title\">Cell Wars: o Cancro e a Biologia por Tr\u00e1s da Batalha<\/h3>\n\t\t\t\t\t\t\t\t\t\t\t\t\t\t\t\t\t\t\t\t\t<div class=\"yotu-video-description\"><\/div>\n\t\t\t\t\t\t\t\t\t<\/a>\n\t\t\t\t\t\t\t<\/li>\n\t\t\t\t\n\t\t\t\t\t\t<li class=\"\">\n\t\t\t\t\t\t\t\t<a href=\"#7eOS4dElSsg\" class=\"yotu-video ytef-float\" data-videoid=\"7eOS4dElSsg\" data-title=\"Debate | Juventudes Partid\u00e1rias\" title=\"Debate | Juventudes Partid\u00e1rias\">\n\t\t\t\t\t<div class=\"yotu-video-thumb-wrp\">\n\t\t\t\t\t\t<div>\n\t\t\t\t\t\t\t\t\t\t\t\t\t\t<img decoding=\"async\" class=\"yotu-video-thumb\" src=\"https:\/\/i.ytimg.com\/vi\/7eOS4dElSsg\/sddefault.jpg\" alt=\"Debate | Juventudes Partid\u00e1rias\">\t\n\t\t\t\t\t\t\t\t\t\t\t\t\t<\/div>\n\t\t\t\t\t<\/div>\n\t\t\t\t\t\t\t\t\t\t\t<h3 class=\"yotu-video-title\">Debate | Juventudes Partid\u00e1rias<\/h3>\n\t\t\t\t\t\t\t\t\t\t\t\t\t\t\t\t\t\t\t\t\t<div class=\"yotu-video-description\"><\/div>\n\t\t\t\t\t\t\t\t\t<\/a>\n\t\t\t\t\t\t\t<\/li>\n\t\t\t\t\n\t\t\t\t\t\t<li class=\"\">\n\t\t\t\t\t\t\t\t<a href=\"#AytFkwqPMjQ\" class=\"yotu-video ytef-float\" data-videoid=\"AytFkwqPMjQ\" data-title=\"A\u00e7\u00e3o de Sensibiliza\u00e7\u00e3o | \u201cO excesso de \u00e1lcool nos jovens\u201d\" title=\"A\u00e7\u00e3o de Sensibiliza\u00e7\u00e3o | \u201cO excesso de \u00e1lcool nos jovens\u201d\">\n\t\t\t\t\t<div class=\"yotu-video-thumb-wrp\">\n\t\t\t\t\t\t<div>\n\t\t\t\t\t\t\t\t\t\t\t\t\t\t<img decoding=\"async\" class=\"yotu-video-thumb\" src=\"https:\/\/i.ytimg.com\/vi\/AytFkwqPMjQ\/sddefault.jpg\" alt=\"A\u00e7\u00e3o de Sensibiliza\u00e7\u00e3o | \u201cO excesso de \u00e1lcool nos jovens\u201d\">\t\n\t\t\t\t\t\t\t\t\t\t\t\t\t<\/div>\n\t\t\t\t\t<\/div>\n\t\t\t\t\t\t\t\t\t\t\t<h3 class=\"yotu-video-title\">A\u00e7\u00e3o de Sensibiliza\u00e7\u00e3o | \u201cO excesso de \u00e1lcool nos jovens\u201d<\/h3>\n\t\t\t\t\t\t\t\t\t\t\t\t\t\t\t\t\t\t\t\t\t<div class=\"yotu-video-description\"><\/div>\n\t\t\t\t\t\t\t\t\t<\/a>\n\t\t\t\t\t\t\t<\/li>\n\t\t\t\t\n\t\t\t\t\t\t<li class=\"\">\n\t\t\t\t\t\t\t\t<a href=\"#W3YHP8pN_7I\" class=\"yotu-video ytef-float\" data-videoid=\"W3YHP8pN_7I\" data-title=\"INFORMA\u00c7\u00c3O EM TEMPOS DE C\u00d3LERA | Prof. S\u00f3nia S\u00e1\" title=\"INFORMA\u00c7\u00c3O EM TEMPOS DE C\u00d3LERA | Prof. S\u00f3nia S\u00e1\">\n\t\t\t\t\t<div class=\"yotu-video-thumb-wrp\">\n\t\t\t\t\t\t<div>\n\t\t\t\t\t\t\t\t\t\t\t\t\t\t<img decoding=\"async\" class=\"yotu-video-thumb\" src=\"https:\/\/i.ytimg.com\/vi\/W3YHP8pN_7I\/sddefault.jpg\" alt=\"INFORMA\u00c7\u00c3O EM TEMPOS DE C\u00d3LERA | Prof. S\u00f3nia S\u00e1\">\t\n\t\t\t\t\t\t\t\t\t\t\t\t\t<\/div>\n\t\t\t\t\t<\/div>\n\t\t\t\t\t\t\t\t\t\t\t<h3 class=\"yotu-video-title\">INFORMA\u00c7\u00c3O EM TEMPOS DE C\u00d3LERA | Prof. S\u00f3nia S\u00e1<\/h3>\n\t\t\t\t\t\t\t\t\t\t\t\t\t\t\t\t\t\t\t\t\t<div class=\"yotu-video-description\"><\/div>\n\t\t\t\t\t\t\t\t\t<\/a>\n\t\t\t\t\t\t\t<\/li>\n\t\t\t\t\n\t\t\t\t\t\t<li class=\"\">\n\t\t\t\t\t\t\t\t<a href=\"#pNMRyZ7TVFQ\" class=\"yotu-video ytef-float\" data-videoid=\"pNMRyZ7TVFQ\" data-title=\"Mega Sprinter Escolar | 2026\" title=\"Mega Sprinter Escolar | 2026\">\n\t\t\t\t\t<div class=\"yotu-video-thumb-wrp\">\n\t\t\t\t\t\t<div>\n\t\t\t\t\t\t\t\t\t\t\t\t\t\t<img decoding=\"async\" class=\"yotu-video-thumb\" src=\"https:\/\/i.ytimg.com\/vi\/pNMRyZ7TVFQ\/sddefault.jpg\" alt=\"Mega Sprinter Escolar | 2026\">\t\n\t\t\t\t\t\t\t\t\t\t\t\t\t<\/div>\n\t\t\t\t\t<\/div>\n\t\t\t\t\t\t\t\t\t\t\t<h3 class=\"yotu-video-title\">Mega Sprinter Escolar | 2026<\/h3>\n\t\t\t\t\t\t\t\t\t\t\t\t\t\t\t\t\t\t\t\t\t<div class=\"yotu-video-description\"><\/div>\n\t\t\t\t\t\t\t\t\t<\/a>\n\t\t\t\t\t\t\t<\/li>\n\t\t\t\t\n\t\t\t\t\t\t<li class=\"\">\n\t\t\t\t\t\t\t\t<a href=\"#FV2DEoCp4Iw\" class=\"yotu-video ytef-float\" data-videoid=\"FV2DEoCp4Iw\" data-title=\"A\u0300 Conversa com... Carlos Martins\" title=\"A\u0300 Conversa com... Carlos Martins\">\n\t\t\t\t\t<div class=\"yotu-video-thumb-wrp\">\n\t\t\t\t\t\t<div>\n\t\t\t\t\t\t\t\t\t\t\t\t\t\t<img decoding=\"async\" class=\"yotu-video-thumb\" src=\"https:\/\/i.ytimg.com\/vi\/FV2DEoCp4Iw\/sddefault.jpg\" alt=\"A\u0300 Conversa com... Carlos Martins\">\t\n\t\t\t\t\t\t\t\t\t\t\t\t\t<\/div>\n\t\t\t\t\t<\/div>\n\t\t\t\t\t\t\t\t\t\t\t<h3 class=\"yotu-video-title\">A\u0300 Conversa com... Carlos Martins<\/h3>\n\t\t\t\t\t\t\t\t\t\t\t\t\t\t\t\t\t\t\t\t\t<div class=\"yotu-video-description\"><\/div>\n\t\t\t\t\t\t\t\t\t<\/a>\n\t\t\t\t\t\t\t<\/li>\n\t\t\t\t\n\t\t\t\t\t\t<li class=\"\">\n\t\t\t\t\t\t\t\t<a href=\"#g45YLTbXgBQ\" class=\"yotu-video ytef-float\" data-videoid=\"g45YLTbXgBQ\" data-title=\"\\&quot;Pequenos Gestos Mudam o Mundo\\&quot; - SOPRO\" title=\"&quot;Pequenos Gestos Mudam o Mundo&quot; - SOPRO\">\n\t\t\t\t\t<div class=\"yotu-video-thumb-wrp\">\n\t\t\t\t\t\t<div>\n\t\t\t\t\t\t\t\t\t\t\t\t\t\t<img decoding=\"async\" class=\"yotu-video-thumb\" src=\"https:\/\/i.ytimg.com\/vi\/g45YLTbXgBQ\/sddefault.jpg\" alt=\"&quot;Pequenos Gestos Mudam o Mundo&quot; - SOPRO\">\t\n\t\t\t\t\t\t\t\t\t\t\t\t\t<\/div>\n\t\t\t\t\t<\/div>\n\t\t\t\t\t\t\t\t\t\t\t<h3 class=\"yotu-video-title\">\"Pequenos Gestos Mudam o Mundo\" - SOPRO<\/h3>\n\t\t\t\t\t\t\t\t\t\t\t\t\t\t\t\t\t\t\t\t\t<div class=\"yotu-video-description\"><\/div>\n\t\t\t\t\t\t\t\t\t<\/a>\n\t\t\t\t\t\t\t<\/li>\n\t\t\t\t\n\t\t\t\t\t\t<li class=\"\">\n\t\t\t\t\t\t\t\t<a href=\"#85p0AgmUViA\" class=\"yotu-video ytef-float\" data-videoid=\"85p0AgmUViA\" data-title=\"\u00c0 Conversa com... Bruno Ferreira da Costa\" title=\"\u00c0 Conversa com... Bruno Ferreira da Costa\">\n\t\t\t\t\t<div class=\"yotu-video-thumb-wrp\">\n\t\t\t\t\t\t<div>\n\t\t\t\t\t\t\t\t\t\t\t\t\t\t<img decoding=\"async\" class=\"yotu-video-thumb\" src=\"https:\/\/i.ytimg.com\/vi\/85p0AgmUViA\/sddefault.jpg\" alt=\"\u00c0 Conversa com... Bruno Ferreira da Costa\">\t\n\t\t\t\t\t\t\t\t\t\t\t\t\t<\/div>\n\t\t\t\t\t<\/div>\n\t\t\t\t\t\t\t\t\t\t\t<h3 class=\"yotu-video-title\">\u00c0 Conversa com... Bruno Ferreira da Costa<\/h3>\n\t\t\t\t\t\t\t\t\t\t\t\t\t\t\t\t\t\t\t\t\t<div class=\"yotu-video-description\"><\/div>\n\t\t\t\t\t\t\t\t\t<\/a>\n\t\t\t\t\t\t\t<\/li>\n\t\t\t\t\n\t\t\t\t\t\t<li class=\" yotu-last\">\n\t\t\t\t\t\t\t\t<a href=\"#emo-RdCuatQ\" class=\"yotu-video ytef-float\" data-videoid=\"emo-RdCuatQ\" data-title=\"A Guerra contada pelo meu avo\u0302\" title=\"A Guerra contada pelo meu avo\u0302\">\n\t\t\t\t\t<div class=\"yotu-video-thumb-wrp\">\n\t\t\t\t\t\t<div>\n\t\t\t\t\t\t\t\t\t\t\t\t\t\t<img decoding=\"async\" class=\"yotu-video-thumb\" src=\"https:\/\/i.ytimg.com\/vi\/emo-RdCuatQ\/sddefault.jpg\" alt=\"A Guerra contada pelo meu avo\u0302\">\t\n\t\t\t\t\t\t\t\t\t\t\t\t\t<\/div>\n\t\t\t\t\t<\/div>\n\t\t\t\t\t\t\t\t\t\t\t<h3 class=\"yotu-video-title\">A Guerra contada pelo meu avo\u0302<\/h3>\n\t\t\t\t\t\t\t\t\t\t\t\t\t\t\t\t\t\t\t\t\t<div class=\"yotu-video-description\"><\/div>\n\t\t\t\t\t\t\t\t\t<\/a>\n\t\t\t\t\t\t\t<\/li>\n\t\t\t\t\n\t\t\t\t<\/ul>\n<\/div><div class=\"yotu-pagination yotu-pager_layout-default yotu-pagination-bottom\">\n<a href=\"#\" class=\"yotu-pagination-prev yotu-button-prs yotu-button-prs-1\" data-page=\"prev\">Prev<\/a>\n<span class=\"yotu-pagination-current\">1<\/span> <span>of<\/span> <span class=\"yotu-pagination-total\">8<\/span>\n<a href=\"#\" class=\"yotu-pagination-next yotu-button-prs yotu-button-prs-1\" data-page=\"next\">Next<\/a>\n<\/div>\n\t\t\t\t<\/div>\n\t\t\t<\/div>\n\t\t\t\n","protected":false},"excerpt":{"rendered":"<p>Canal Oficial de TV Digital da Escola Quinta das Palmeiras. https:\/\/www.youtube.com\/channel\/UC7JQmx9msD6gQ9z_qUXFDBQ<\/p>\n","protected":false},"author":2,"featured_media":0,"parent":0,"menu_order":0,"comment_status":"closed","ping_status":"closed","template":"","meta":{"_exactmetrics_skip_tracking":false,"_exactmetrics_sitenote_active":false,"_exactmetrics_sitenote_note":"","_exactmetrics_sitenote_category":0,"_ti_tpc_template_sync":false,"_ti_tpc_template_id":"","footnotes":""},"class_list":["post-312","page","type-page","status-publish","hentry"],"yoast_head":"<!-- This site is optimized with the Yoast SEO plugin v22.5 - https:\/\/yoast.com\/wordpress\/plugins\/seo\/ -->\n<title>QTV Palmeiras - Palmeiras Impress Digital<\/title>\n<meta name=\"robots\" content=\"index, follow, max-snippet:-1, max-image-preview:large, max-video-preview:-1\" \/>\n<link rel=\"canonical\" href=\"https:\/\/www.quintadaspalmeiras.pt\/palmeirasimpress\/qtv-palmeiras\/\" \/>\n<meta property=\"og:locale\" content=\"pt_PT\" \/>\n<meta property=\"og:type\" content=\"article\" \/>\n<meta property=\"og:title\" content=\"QTV Palmeiras - Palmeiras Impress Digital\" \/>\n<meta property=\"og:description\" content=\"Canal Oficial de TV Digital da Escola Quinta das Palmeiras. https:\/\/www.youtube.com\/channel\/UC7JQmx9msD6gQ9z_qUXFDBQ\" \/>\n<meta property=\"og:url\" content=\"https:\/\/www.quintadaspalmeiras.pt\/palmeirasimpress\/qtv-palmeiras\/\" \/>\n<meta property=\"og:site_name\" content=\"Palmeiras Impress Digital\" \/>\n<meta property=\"article:publisher\" content=\"https:\/\/www.facebook.com\/quintadaspalmeirascovilha\/\" \/>\n<meta property=\"article:modified_time\" content=\"2019-01-29T22:13:35+00:00\" \/>\n<meta name=\"twitter:card\" content=\"summary_large_image\" \/>\n<meta name=\"twitter:site\" content=\"@cteducacao\" \/>\n<script type=\"application\/ld+json\" class=\"yoast-schema-graph\">{\"@context\":\"https:\/\/schema.org\",\"@graph\":[{\"@type\":\"WebPage\",\"@id\":\"https:\/\/www.quintadaspalmeiras.pt\/palmeirasimpress\/qtv-palmeiras\/\",\"url\":\"https:\/\/www.quintadaspalmeiras.pt\/palmeirasimpress\/qtv-palmeiras\/\",\"name\":\"QTV Palmeiras - Palmeiras Impress Digital\",\"isPartOf\":{\"@id\":\"https:\/\/www.quintadaspalmeiras.pt\/palmeirasimpress\/#website\"},\"datePublished\":\"2019-01-29T19:24:41+00:00\",\"dateModified\":\"2019-01-29T22:13:35+00:00\",\"breadcrumb\":{\"@id\":\"https:\/\/www.quintadaspalmeiras.pt\/palmeirasimpress\/qtv-palmeiras\/#breadcrumb\"},\"inLanguage\":\"pt-PT\",\"potentialAction\":[{\"@type\":\"ReadAction\",\"target\":[\"https:\/\/www.quintadaspalmeiras.pt\/palmeirasimpress\/qtv-palmeiras\/\"]}]},{\"@type\":\"BreadcrumbList\",\"@id\":\"https:\/\/www.quintadaspalmeiras.pt\/palmeirasimpress\/qtv-palmeiras\/#breadcrumb\",\"itemListElement\":[{\"@type\":\"ListItem\",\"position\":1,\"name\":\"In\u00edcio\",\"item\":\"https:\/\/www.quintadaspalmeiras.pt\/palmeirasimpress\/\"},{\"@type\":\"ListItem\",\"position\":2,\"name\":\"QTV Palmeiras\"}]},{\"@type\":\"WebSite\",\"@id\":\"https:\/\/www.quintadaspalmeiras.pt\/palmeirasimpress\/#website\",\"url\":\"https:\/\/www.quintadaspalmeiras.pt\/palmeirasimpress\/\",\"name\":\"Palmeiras Impress Digital\",\"description\":\"Jornal Digital da Escola Quinta das Palmeiras - Covilh\u00e3\",\"potentialAction\":[{\"@type\":\"SearchAction\",\"target\":{\"@type\":\"EntryPoint\",\"urlTemplate\":\"https:\/\/www.quintadaspalmeiras.pt\/palmeirasimpress\/?s={search_term_string}\"},\"query-input\":\"required name=search_term_string\"}],\"inLanguage\":\"pt-PT\"}]}<\/script>\n<!-- \/ Yoast SEO plugin. -->","yoast_head_json":{"title":"QTV Palmeiras - Palmeiras Impress Digital","robots":{"index":"index","follow":"follow","max-snippet":"max-snippet:-1","max-image-preview":"max-image-preview:large","max-video-preview":"max-video-preview:-1"},"canonical":"https:\/\/www.quintadaspalmeiras.pt\/palmeirasimpress\/qtv-palmeiras\/","og_locale":"pt_PT","og_type":"article","og_title":"QTV Palmeiras - Palmeiras Impress Digital","og_description":"Canal Oficial de TV Digital da Escola Quinta das Palmeiras. https:\/\/www.youtube.com\/channel\/UC7JQmx9msD6gQ9z_qUXFDBQ","og_url":"https:\/\/www.quintadaspalmeiras.pt\/palmeirasimpress\/qtv-palmeiras\/","og_site_name":"Palmeiras Impress Digital","article_publisher":"https:\/\/www.facebook.com\/quintadaspalmeirascovilha\/","article_modified_time":"2019-01-29T22:13:35+00:00","twitter_card":"summary_large_image","twitter_site":"@cteducacao","schema":{"@context":"https:\/\/schema.org","@graph":[{"@type":"WebPage","@id":"https:\/\/www.quintadaspalmeiras.pt\/palmeirasimpress\/qtv-palmeiras\/","url":"https:\/\/www.quintadaspalmeiras.pt\/palmeirasimpress\/qtv-palmeiras\/","name":"QTV Palmeiras - Palmeiras Impress Digital","isPartOf":{"@id":"https:\/\/www.quintadaspalmeiras.pt\/palmeirasimpress\/#website"},"datePublished":"2019-01-29T19:24:41+00:00","dateModified":"2019-01-29T22:13:35+00:00","breadcrumb":{"@id":"https:\/\/www.quintadaspalmeiras.pt\/palmeirasimpress\/qtv-palmeiras\/#breadcrumb"},"inLanguage":"pt-PT","potentialAction":[{"@type":"ReadAction","target":["https:\/\/www.quintadaspalmeiras.pt\/palmeirasimpress\/qtv-palmeiras\/"]}]},{"@type":"BreadcrumbList","@id":"https:\/\/www.quintadaspalmeiras.pt\/palmeirasimpress\/qtv-palmeiras\/#breadcrumb","itemListElement":[{"@type":"ListItem","position":1,"name":"In\u00edcio","item":"https:\/\/www.quintadaspalmeiras.pt\/palmeirasimpress\/"},{"@type":"ListItem","position":2,"name":"QTV Palmeiras"}]},{"@type":"WebSite","@id":"https:\/\/www.quintadaspalmeiras.pt\/palmeirasimpress\/#website","url":"https:\/\/www.quintadaspalmeiras.pt\/palmeirasimpress\/","name":"Palmeiras Impress Digital","description":"Jornal Digital da Escola Quinta das Palmeiras - Covilh\u00e3","potentialAction":[{"@type":"SearchAction","target":{"@type":"EntryPoint","urlTemplate":"https:\/\/www.quintadaspalmeiras.pt\/palmeirasimpress\/?s={search_term_string}"},"query-input":"required name=search_term_string"}],"inLanguage":"pt-PT"}]}},"_links":{"self":[{"href":"https:\/\/www.quintadaspalmeiras.pt\/palmeirasimpress\/wp-json\/wp\/v2\/pages\/312","targetHints":{"allow":["GET"]}}],"collection":[{"href":"https:\/\/www.quintadaspalmeiras.pt\/palmeirasimpress\/wp-json\/wp\/v2\/pages"}],"about":[{"href":"https:\/\/www.quintadaspalmeiras.pt\/palmeirasimpress\/wp-json\/wp\/v2\/types\/page"}],"author":[{"embeddable":true,"href":"https:\/\/www.quintadaspalmeiras.pt\/palmeirasimpress\/wp-json\/wp\/v2\/users\/2"}],"replies":[{"embeddable":true,"href":"https:\/\/www.quintadaspalmeiras.pt\/palmeirasimpress\/wp-json\/wp\/v2\/comments?post=312"}],"version-history":[{"count":3,"href":"https:\/\/www.quintadaspalmeiras.pt\/palmeirasimpress\/wp-json\/wp\/v2\/pages\/312\/revisions"}],"predecessor-version":[{"id":319,"href":"https:\/\/www.quintadaspalmeiras.pt\/palmeirasimpress\/wp-json\/wp\/v2\/pages\/312\/revisions\/319"}],"wp:attachment":[{"href":"https:\/\/www.quintadaspalmeiras.pt\/palmeirasimpress\/wp-json\/wp\/v2\/media?parent=312"}],"curies":[{"name":"wp","href":"https:\/\/api.w.org\/{rel}","templated":true}]}}